{"id":7670,"date":"2022-05-31T00:37:06","date_gmt":"2022-05-31T00:37:06","guid":{"rendered":"https:\/\/furnasazoreshouse.com\/termos-e-condicoes\/"},"modified":"2024-03-05T18:21:04","modified_gmt":"2024-03-05T18:21:04","slug":"geschaeftsbedingungen","status":"publish","type":"page","link":"https:\/\/furnasazoreshouse.com\/de\/geschaeftsbedingungen\/","title":{"rendered":"Gesch\u00e4ftsbedingungen"},"content":{"rendered":"<p><strong>GESCH\u00c4FTSBEDINGUNGEN<\/strong><\/p>\n<p><strong>1. Allgemeine Gesch\u00e4ftsbedingungen<\/strong><\/p>\n<p>1.1. Verantwortlich f\u00fcr die Website www.furnasazoreshouse.com (im Folgenden \u201eWebsite\u201c) ist das Unternehmen Fl\u00e1via Maria Vieira Correia Travassos (Haus der Furnas Azoren) mit Sitz in Rua do Rato 46, Matriz, 9600-508 Ribeira Grande, nat\u00fcrliche Person Nr. 259774731 \u201c) .<\/p>\n<p>1.2. Der Nutzer erkl\u00e4rt, die hier beschriebenen Nutzungsbedingungen sowie alle k\u00fcnftigen \u00c4nderungen zu akzeptieren und in \u00dcbereinstimmung mit ihnen zu handeln, indem er den von Fl\u00e1via Maria Vieira Correia Travassos (Haus der Furnas Azoren) auf dieser Website bereitgestellten Dienst nutzt.<\/p>\n<p>1.3 Wenn in den hier genannten Allgemeinen Gesch\u00e4ftsbedingungen die Begriffe \u201ewir\u201c oder \u201eunser\u201c verwendet werden, beziehen wir uns auf Fl\u00e1via Maria Vieira Correia Travassos (The Furnas Azores House) oder www.furnasazoreshouse.com. Wann immer wir \u201eSie\u201c oder \u201eIhr\u201c verwenden, beziehen wir uns auf jeden, der www.furnasazoreshouse.com nutzt.<\/p>\n<p>1.4. Durch den Zugriff auf und die Nutzung dieser Website unterliegen Sie den folgenden Allgemeinen Gesch\u00e4ftsbedingungen sowie unserer Datenschutzrichtlinie. Durch das Surfen auf der Website erkl\u00e4rt sich der Benutzer mit der Einhaltung dieser Allgemeinen Gesch\u00e4ftsbedingungen und Datenschutzrichtlinien einverstanden. Wenn Sie mit dem Inhalt nicht einverstanden sind, ist es dem Nutzer nicht gestattet, auf die Website zuzugreifen und diese zu nutzen, und er muss den Zugriff und\/oder die Nutzung sofort beenden.<\/p>\n<p>1.5. Der Kunde muss die Allgemeinen Gesch\u00e4ftsbedingungen bei jedem Zugriff auf die Website sorgf\u00e4ltig lesen.<\/p>\n<p>1.6. Wenn Sie gegen eine der hierin enthaltenen Bedingungen versto\u00dfen, erlischt Ihr Recht auf Zugriff und Nutzung dieser Website sofort.<\/p>\n<p>1.7. Der Inhalt dieser Website ist urheberrechtlich gesch\u00fctzt und Eigentum von Fl\u00e1via Maria Vieira Correia Travassos (Das Furnas-Azoren-Haus). Eine Nutzung in irgendeiner Form ohne unsere Zustimmung ist nicht gestattet.<\/p>\n<p>&nbsp;<\/p>\n<p><strong>2. Budget<\/strong><\/p>\n<p>2.1. Jedes gesendete Angebot ist ab dem Datum der Einreichung 30 Tage lang g\u00fcltig und kann nach diesem Zeitraum einer \u00dcberpr\u00fcfung unterzogen werden.<\/p>\n<p>2.2. Im Falle eines Fehlers im \u00fcbermittelten Budget beh\u00e4lt sich Fl\u00e1via Maria Vieira Correia Travassos (Haus der Furnas Azoren) das Recht vor, diesen w\u00e4hrend der G\u00fcltigkeitsdauer (30 Tage) zu korrigieren.<\/p>\n<p>2.3. F\u00fcr jede \u00c4nderung auf Wunsch des Kunden, Service oder Kosten, die nicht im urspr\u00fcnglichen Budget vorgesehen war, fallen zus\u00e4tzliche Kosten an.<\/p>\n<p>&nbsp;<\/p>\n<p><strong>3. Urheberrecht, Eigentum und Urheberrecht<\/strong><br \/>\n3.1. Der gesamte Inhalt dieser Website, einschlie\u00dflich Texte, Design, Illustrationen, Logos, Videos, Audiodateien, Fotos und andere Elemente, ist durch das Gesetz zum Urheberrecht und verwandten Schutzrechten gesetzlich gesch\u00fctzt. Es ist nicht gestattet, die Inhalte ohne unsere vorherige ausdr\u00fcckliche schriftliche Zustimmung in irgendeiner Weise f\u00fcr \u00f6ffentliche oder kommerzielle Zwecke anzuzeigen, zu vervielf\u00e4ltigen, zu verbreiten, zu ver\u00e4ndern, zu \u00fcbertragen oder zu nutzen.<\/p>\n<p>3.2. Der Inhalt dieser Website ist durch das Urheberrecht und verwandte Schutzrechte, gewerbliche Eigentumsrechte und das Computerkriminalit\u00e4tsgesetz gesch\u00fctzt und Eigentum von Fl\u00e1via Maria Vieira Correia Travassos (Haus der Furnas Azoren).<\/p>\n<p>3.3. Das Urheberrecht an dem Werk bleibt erst dann Eigentum des Kunden, wenn es fertiggestellt, genehmigt und vollst\u00e4ndig bezahlt ist.<\/p>\n<p>3.4. Wir behalten uns das Recht vor, dem Kunden keine bearbeitbaren Dateien, Schriftarten oder andere f\u00fcr die Erstellung des Werks erforderliche Tools und Software zur Verf\u00fcgung zu stellen.<\/p>\n<p>3.5. Fl\u00e1via Maria Vieira Correia Travassos (Das Furnas-Azoren-Haus) beh\u00e4lt sich das Recht vor, rechtliche Schritte gegen die Urheber jeglicher unerlaubter Kopie, Vervielf\u00e4ltigung, Verbreitung oder kommerzieller Nutzung von Texten, Designs, Illustrationen, Logos, Videos, Audiodateien, Fotos und anderen Elementen einzuleiten. an denen kein Eigentums\u00fcbergang auf den Kunden erfolgt ist.<\/p>\n<p>3.6. Der Kunde ist daf\u00fcr verantwortlich, sicherzustellen, dass die zur Ausf\u00fchrung der Arbeiten bereitgestellten Materialien keine Urheberrechte oder gewerblichen Schutzrechte Dritter verletzen, und f\u00fcr etwaige Sch\u00e4den, die Fl\u00e1via Maria Vieira Correia Travassos (Haus der Furnas Azoren) durch unsachgem\u00e4\u00dfe Verwendung entstehen davon.<\/p>\n<p>&nbsp;<\/p>\n<p><strong>4. Online-Streitbeilegung<\/strong><\/p>\n<p>Die Europ\u00e4ische Union hat eine Website eingerichtet, um Verbrauchern dabei zu helfen, Beschwerden \u00fcber Streitigkeiten einzureichen, an denen sie beteiligt sind. In diesem Zusammenhang stellt Ihnen Fl\u00e1via Maria Vieira Correia Travassos (Haus der Furnas Azoren) alle Informationen zur Verf\u00fcgung, damit Sie Ihr Recht auf Beschwerde bei einer offiziellen Stelle, einer dritten Partei und unabh\u00e4ngig vom Verfahren (\u201eStreitbeilegungsstelle\u201c) aus\u00fcben k\u00f6nnen helfen Ihnen, den betreffenden Streit zu l\u00f6sen.<\/p>\n<p>Wenn Sie also mit dem Kauf einer Ware oder Dienstleistung auf unserer Website oder mit der von uns zur L\u00f6sung des Problems vorgestellten L\u00f6sung unzufrieden sind, k\u00f6nnen Sie auf diese offizielle Website <a href=\"https:\/\/ec.europa.eu\/consumers\/odr\/main zugreifen \/index.cfm?event=main.home2.show&amp;lng=PT\" target=\"_blank\" rel=\"noopener\">https:\/\/ec.europa.eu\/consumers\/odr\/main zugreifen \/index.cfm?event=main.home2.show&amp;lng=PT<\/a> und legen Sie Ihren Einspruch vor.<\/p>\n<p>4.1. Was ist alternative Streitbeilegung?<\/p>\n<p>Unter alternativer Streitbeilegung versteht man die jedem Verbraucher zur Verf\u00fcgung stehende M\u00f6glichkeit, sich an offizielle Stellen zu wenden, die ihm bei der L\u00f6sung oder F\u00fchrung eines Konflikts helfen, bevor er einen Rechtsstreit vor Gericht er\u00f6ffnet.<\/p>\n<p>In der Regel l\u00e4uft das Verfahren wie folgt ab: Der Kunde bittet einen unparteiischen Dritten, als Vermittler zwischen ihm und dem H\u00e4ndler, gegen den sich seine Beschwerde richtet, zu fungieren. Der Vermittler kann eine L\u00f6sung f\u00fcr Ihre Beschwerde vorschlagen, beiden Parteien eine L\u00f6sung aufzwingen oder die Parteien zusammenbringen, um eine L\u00f6sung zu finden.<\/p>\n<p>M\u00f6glicherweise kennen Sie das Konzept der alternativen Streitbeilegung unter einem anderen Namen: \u201eVermittlung\u201c, \u201eSchlichtung\u201c, \u201eSchiedsverfahren\u201c oder \u201eAusschuss f\u00fcr Verbraucherstreitigkeiten\u201c.<\/p>\n<p>Die alternative Streitbeilegung ist in der Regel kosteng\u00fcnstiger, weniger formell und schneller als der gerichtliche Weg.<\/p>\n<p>Vorschl\u00e4ge f\u00fcr alternative Streitbeilegungsstellen:<\/p>\n<p>CNIACC \u2013 Centro Nacional de Informa\u00e7\u00e3o e Arbitragem de Conflitos de Consumo<\/p>\n<p><a href=\"http:\/\/www.arbitragemdeconsumo.org\/\" target=\"_blank\" rel=\"noopener\">http:\/\/www.arbitragemdeconsumo.org\/<\/a><\/p>\n<p>Centro de Arbitragem de Conflitos de Consumo de Lisboa<\/p>\n<p><a href=\"http:\/\/www.centroarbitragemlisboa.pt\/\" target=\"_blank\" rel=\"noopener\">http:\/\/www.centroarbitragemlisboa.pt\/<\/a><\/p>\n<p>Centro de Arbitragem de Conflitos de Consumo do Vale do Ave\/Tribunal Arbitral<\/p>\n<p><a href=\"http:\/\/www.triave.pt\" target=\"_blank\" rel=\"noopener\">www.triave.pt<\/a><\/p>\n<p>CIAB \u2013 Centro de Informa\u00e7\u00e3o, Media\u00e7\u00e3o e Arbitragem de Consumo (Tribunal Arbitral de Consumo)<\/p>\n<p><a href=\"http:\/\/www.ciab.pt\/pt\/\" target=\"_blank\" rel=\"noopener\">http:\/\/www.ciab.pt\/pt\/<\/a><\/p>\n<p>CIMPAS \u2013 Centro de Informa\u00e7\u00e3o, Media\u00e7\u00e3o e Provedoria de Seguros<\/p>\n<p><a href=\"https:\/\/www.cimpas.pt\/\" target=\"_blank\" rel=\"noopener\">https:\/\/www.cimpas.pt\/<\/a><\/p>\n<p>&nbsp;<\/p>\n<p><strong>5. Erlaubte Nutzung\/Verbotene Aktivit\u00e4ten<\/strong><\/p>\n<p>Der Zugriff und die Nutzung dieser Website ist nur f\u00fcr pers\u00f6nliche und nichtkommerzielle Zwecke gestattet, d. h. der Zugriff und die Nutzung der Website d\u00fcrfen nur von Privatpersonen oder einem Unternehmen, das unsere Dienstleistungen\/Produkte erwerben m\u00f6chte, oder einem Unternehmen in deren Namen erfolgen.<\/p>\n<p>Alle Aktivit\u00e4ten, die wir als unangemessen und\/oder gem\u00e4\u00df den f\u00fcr diese Website geltenden Gesetzen als illegal erachten, sind verboten, einschlie\u00dflich, aber nicht beschr\u00e4nkt auf:<\/p>\n<p>5.1. Eine andere Person oder ein anderes Unternehmen verletzen, beleidigen, diffamieren, bedrohen oder bel\u00e4stigen oder auf eine Weise, die in die Privatsph\u00e4re eines anderen eingreift oder obsz\u00f6n, beleidigend, hasserf\u00fcllt, unanst\u00e4ndig, unangemessen, anst\u00f6\u00dfig, inakzeptabel, diskriminierend oder sch\u00e4dlich ist.<\/p>\n<p>5.2. Handlungen, die eine Verletzung der Privatsph\u00e4re darstellen k\u00f6nnen, wie z. B. das Versenden privater Informationen an diese Website ohne Zustimmung der betroffenen Person oder anderer gesetzlicher Rechte nat\u00fcrlicher Personen.<\/p>\n<p>5.3. Senden Sie Dateien an diese Website, die Viren enthalten, die das Eigentum von Fl\u00e1via Maria Vieira Correia Travassos (Das Furnas-Azoren-Haus) oder das Eigentum von Einzelpersonen besch\u00e4digen oder Teile der Website modifizieren oder zur\u00fcckentwickeln k\u00f6nnen.<\/p>\n<p>5.4. Verwenden Sie jede Art von automatischen computergest\u00fctzten Codes, Prozessen, Programmen, Robotern, Internet-Crawlern, Spidern, Datenprozessoren, Drag- oder Screen-Scraping-Alternativen zu Computercodes, Prozessen, Programmen oder Systemen.<\/p>\n<p>5.5. Die Nutzung der Website f\u00fcr rechtswidrige oder sonstige unserem Image unw\u00fcrdige Zwecke ist ausdr\u00fccklich untersagt. Usurpation, F\u00e4lschung, Ausnutzung widerrechtlicher oder gef\u00e4lschter Inhalte, unerlaubte Identifizierung und unlauterer Wettbewerb sind strafbar.<\/p>\n<p>&nbsp;<\/p>\n<p><strong>6. Inhalt und Garantien<\/strong><\/p>\n<p>6.1. Die Informationen auf dieser Website wurden nach bestem Wissen und Gewissen zusammengestellt, dienen ausschlie\u00dflich der allgemeinen Information und ihre Nutzung erfolgt auf alleiniges Risiko des Nutzers.<\/p>\n<p>6.2. Diese Website und ihre Inhalte werden ohne Gew\u00e4hrleistungen jeglicher Art zur Verf\u00fcgung gestellt, das hei\u00dft, es wird keine Garantie gegeben, dass der Zugriff auf diese Website ununterbrochen oder fehlerfrei ist, frei von Viren oder anderen sch\u00e4dlichen Materialien ist oder dass die auf dieser Website enthaltenen Informationen vorhanden sind vollst\u00e4ndig, genau oder zeitgerecht sein.<\/p>\n<p>6.3. Fl\u00e1via Maria Vieira Correia Travassos (Haus der Furnas Azoren) beh\u00e4lt sich das Recht vor, bei Bedarf und ohne vorherige Ank\u00fcndigung \u00c4nderungen und Korrekturen vorzunehmen sowie die Website auszusetzen oder zu schlie\u00dfen.<\/p>\n<p>6.4. Fl\u00e1via Maria Vieira Correia Travassos (Das Furnas-Azoren-Haus) filtert oder \u00fcberwacht zuvor nicht die von Dritten an diese Website \u00fcbermittelten Inhalte und ist nicht f\u00fcr die Filterung oder \u00dcberwachung von Inhalten dieser Art verantwortlich.<\/p>\n<p>6.5. Bei entsprechender Benachrichtigung kann Fl\u00e1via Maria Vieira Correia Travassos (Haus der Furnas Azoren) einen Vorwurf untersuchen, dass an diese Website \u00fcbermittelte Inhalte gegen die Allgemeinen Gesch\u00e4ftsbedingungen versto\u00dfen, und entscheiden, ob die Informationen von dieser Website entfernt werden sollen.<\/p>\n<p>6.6. Fl\u00e1via Maria Vieira Correia Travassos (Das Furnas-Azoren-Haus) \u00fcbernimmt keine Verantwortung oder Haftung f\u00fcr Handlungen oder Inhalte, die vom oder zwischen dem Benutzer oder Dritten innerhalb oder au\u00dferhalb dieser Website \u00fcbertragen werden.<\/p>\n<p>&nbsp;<\/p>\n<p><strong>7. Haftung, Nutzung und Gefahr<\/strong><\/p>\n<p>7.1. Die Nutzung dieser Website und der darin enthaltenen Inhalte erfolgt ausschlie\u00dflich auf Ihr eigenes Risiko.<\/p>\n<p>7.2. Fl\u00e1via Maria Vieira Correia Travassos (Haus der Furnas Azoren) und alle ihre Erziehungsberechtigten, Direktoren, Mitarbeiter und Vertreter sowie alle anderen Parteien, die an der Erstellung, Produktion, Wartung oder Implementierung dieser Website beteiligt sind, haften gegen\u00fcber keinem Benutzer der Website, f\u00fcr alle m\u00f6glichen Sch\u00e4den, Verluste oder Verletzungen (einschlie\u00dflich entgangenen Gewinns und moralischer Sch\u00e4den, indirekter, zuf\u00e4lliger oder Folgesch\u00e4den), die sich aus der korrekten oder falschen Nutzung dieser Website und ihres Inhalts sowie dem Zugriff auf den Computer oder Computer des Benutzers ergeben System durch Dritte, Viren usw.<\/p>\n<p>Diese Website enth\u00e4lt Links zu Websites Dritter. Diese Links werden ausschlie\u00dflich zu Ihrer Bequemlichkeit und Zug\u00e4nglichkeit bereitgestellt. Wir machen uns den Inhalt solcher Websites Dritter nicht zu eigen und \u00fcbernehmen keine Verantwortung f\u00fcr den Inhalt solcher Websites. Der Zugriff auf und der Besuch dieser Websites Dritter erfolgt auf eigenes Risiko des Benutzers.<\/p>\n<p>&nbsp;<\/p>\n<p><strong>8. Gerichtsstand und anwendbare Gesetzgebung<\/strong><\/p>\n<p>Fl\u00e1via Maria Vieira Correia Travassos (Das Furnas-Azoren-Haus) und der Benutzer dieser Website akzeptieren vorbehaltlos, dass alle Streitigkeiten oder Auseinandersetzungen, die sich aus der Nutzung dieser Website ergeben, portugiesischem Recht unterliegen.<\/p>\n<p>Zuletzt aktualisiert am: 23.02.2022<\/p>\n","protected":false},"excerpt":{"rendered":"<p>GESCH\u00c4FTSBEDINGUNGEN 1. Allgemeine Gesch\u00e4ftsbedingungen 1.1. Verantwortlich f\u00fcr die Website www.furnasazoreshouse.com (im Folgenden \u201eWebsite\u201c) ist das Unternehmen Fl\u00e1via Maria Vieira Correia Travassos (Haus der Furnas Azoren) mit Sitz in Rua do Rato 46, Matriz, 9600-508 Ribeira Grande, nat\u00fcrliche Person Nr. 259774731 [&hellip;]<\/p>\n","protected":false},"author":1,"featured_media":0,"parent":0,"menu_order":0,"comment_status":"closed","ping_status":"closed","template":"","meta":[],"yoast_head":"<!-- This site is optimized with the Yoast SEO plugin v19.5.1 - https:\/\/yoast.com\/wordpress\/plugins\/seo\/ -->\n<title>Gesch\u00e4ftsbedingungen - Furnas Azores House<\/title>\n<meta name=\"description\" content=\"Bitte beachten Sie unsere AGB. Lesen Sie unsere Allgemeinen Gesch\u00e4ftsbedingungen, bevor Sie die Website nutzen.\" \/>\n<meta name=\"robots\" content=\"index, follow, max-snippet:-1, max-image-preview:large, max-video-preview:-1\" \/>\n<link rel=\"canonical\" href=\"https:\/\/furnasazoreshouse.com\/de\/geschaeftsbedingungen\/\" \/>\n<meta property=\"og:locale\" content=\"de_DE\" \/>\n<meta property=\"og:type\" content=\"article\" \/>\n<meta property=\"og:title\" content=\"Gesch\u00e4ftsbedingungen - Furnas Azores House\" \/>\n<meta property=\"og:description\" content=\"Bitte beachten Sie unsere AGB. Lesen Sie unsere Allgemeinen Gesch\u00e4ftsbedingungen, bevor Sie die Website nutzen.\" \/>\n<meta property=\"og:url\" content=\"https:\/\/furnasazoreshouse.com\/de\/geschaeftsbedingungen\/\" \/>\n<meta property=\"og:site_name\" content=\"Furnas Azores House\" \/>\n<meta property=\"article:modified_time\" content=\"2024-03-05T18:21:04+00:00\" \/>\n<meta name=\"twitter:card\" content=\"summary_large_image\" \/>\n<meta name=\"twitter:label1\" content=\"Est. reading time\" \/>\n\t<meta name=\"twitter:data1\" content=\"9 Minuten\" \/>\n<script type=\"application\/ld+json\" class=\"yoast-schema-graph\">{\"@context\":\"https:\/\/schema.org\",\"@graph\":[{\"@type\":\"WebPage\",\"@id\":\"https:\/\/furnasazoreshouse.com\/de\/geschaeftsbedingungen\/\",\"url\":\"https:\/\/furnasazoreshouse.com\/de\/geschaeftsbedingungen\/\",\"name\":\"Gesch\u00e4ftsbedingungen - Furnas Azores House\",\"isPartOf\":{\"@id\":\"https:\/\/furnasazoreshouse.com\/#website\"},\"datePublished\":\"2022-05-31T00:37:06+00:00\",\"dateModified\":\"2024-03-05T18:21:04+00:00\",\"description\":\"Bitte beachten Sie unsere AGB. Lesen Sie unsere Allgemeinen Gesch\u00e4ftsbedingungen, bevor Sie die Website nutzen.\",\"breadcrumb\":{\"@id\":\"https:\/\/furnasazoreshouse.com\/de\/geschaeftsbedingungen\/#breadcrumb\"},\"inLanguage\":\"de-DE\",\"potentialAction\":[{\"@type\":\"ReadAction\",\"target\":[\"https:\/\/furnasazoreshouse.com\/de\/geschaeftsbedingungen\/\"]}]},{\"@type\":\"BreadcrumbList\",\"@id\":\"https:\/\/furnasazoreshouse.com\/de\/geschaeftsbedingungen\/#breadcrumb\",\"itemListElement\":[{\"@type\":\"ListItem\",\"position\":1,\"name\":\"In\u00edcio\",\"item\":\"https:\/\/furnasazoreshouse.com\/de\/\"},{\"@type\":\"ListItem\",\"position\":2,\"name\":\"Gesch\u00e4ftsbedingungen\"}]},{\"@type\":\"WebSite\",\"@id\":\"https:\/\/furnasazoreshouse.com\/#website\",\"url\":\"https:\/\/furnasazoreshouse.com\/\",\"name\":\"Furnas Azores House\",\"description\":\"A\u00e7ores\",\"potentialAction\":[{\"@type\":\"SearchAction\",\"target\":{\"@type\":\"EntryPoint\",\"urlTemplate\":\"https:\/\/furnasazoreshouse.com\/?s={search_term_string}\"},\"query-input\":\"required name=search_term_string\"}],\"inLanguage\":\"de-DE\"}]}<\/script>\n<!-- \/ Yoast SEO plugin. -->","yoast_head_json":{"title":"Gesch\u00e4ftsbedingungen - Furnas Azores House","description":"Bitte beachten Sie unsere AGB. Lesen Sie unsere Allgemeinen Gesch\u00e4ftsbedingungen, bevor Sie die Website nutzen.","robots":{"index":"index","follow":"follow","max-snippet":"max-snippet:-1","max-image-preview":"max-image-preview:large","max-video-preview":"max-video-preview:-1"},"canonical":"https:\/\/furnasazoreshouse.com\/de\/geschaeftsbedingungen\/","og_locale":"de_DE","og_type":"article","og_title":"Gesch\u00e4ftsbedingungen - Furnas Azores House","og_description":"Bitte beachten Sie unsere AGB. Lesen Sie unsere Allgemeinen Gesch\u00e4ftsbedingungen, bevor Sie die Website nutzen.","og_url":"https:\/\/furnasazoreshouse.com\/de\/geschaeftsbedingungen\/","og_site_name":"Furnas Azores House","article_modified_time":"2024-03-05T18:21:04+00:00","twitter_card":"summary_large_image","twitter_misc":{"Est. reading time":"9 Minuten"},"schema":{"@context":"https:\/\/schema.org","@graph":[{"@type":"WebPage","@id":"https:\/\/furnasazoreshouse.com\/de\/geschaeftsbedingungen\/","url":"https:\/\/furnasazoreshouse.com\/de\/geschaeftsbedingungen\/","name":"Gesch\u00e4ftsbedingungen - Furnas Azores House","isPartOf":{"@id":"https:\/\/furnasazoreshouse.com\/#website"},"datePublished":"2022-05-31T00:37:06+00:00","dateModified":"2024-03-05T18:21:04+00:00","description":"Bitte beachten Sie unsere AGB. Lesen Sie unsere Allgemeinen Gesch\u00e4ftsbedingungen, bevor Sie die Website nutzen.","breadcrumb":{"@id":"https:\/\/furnasazoreshouse.com\/de\/geschaeftsbedingungen\/#breadcrumb"},"inLanguage":"de-DE","potentialAction":[{"@type":"ReadAction","target":["https:\/\/furnasazoreshouse.com\/de\/geschaeftsbedingungen\/"]}]},{"@type":"BreadcrumbList","@id":"https:\/\/furnasazoreshouse.com\/de\/geschaeftsbedingungen\/#breadcrumb","itemListElement":[{"@type":"ListItem","position":1,"name":"In\u00edcio","item":"https:\/\/furnasazoreshouse.com\/de\/"},{"@type":"ListItem","position":2,"name":"Gesch\u00e4ftsbedingungen"}]},{"@type":"WebSite","@id":"https:\/\/furnasazoreshouse.com\/#website","url":"https:\/\/furnasazoreshouse.com\/","name":"Furnas Azores House","description":"A\u00e7ores","potentialAction":[{"@type":"SearchAction","target":{"@type":"EntryPoint","urlTemplate":"https:\/\/furnasazoreshouse.com\/?s={search_term_string}"},"query-input":"required name=search_term_string"}],"inLanguage":"de-DE"}]}},"_links":{"self":[{"href":"https:\/\/furnasazoreshouse.com\/de\/wp-json\/wp\/v2\/pages\/7670"}],"collection":[{"href":"https:\/\/furnasazoreshouse.com\/de\/wp-json\/wp\/v2\/pages"}],"about":[{"href":"https:\/\/furnasazoreshouse.com\/de\/wp-json\/wp\/v2\/types\/page"}],"author":[{"embeddable":true,"href":"https:\/\/furnasazoreshouse.com\/de\/wp-json\/wp\/v2\/users\/1"}],"replies":[{"embeddable":true,"href":"https:\/\/furnasazoreshouse.com\/de\/wp-json\/wp\/v2\/comments?post=7670"}],"version-history":[{"count":3,"href":"https:\/\/furnasazoreshouse.com\/de\/wp-json\/wp\/v2\/pages\/7670\/revisions"}],"predecessor-version":[{"id":7755,"href":"https:\/\/furnasazoreshouse.com\/de\/wp-json\/wp\/v2\/pages\/7670\/revisions\/7755"}],"wp:attachment":[{"href":"https:\/\/furnasazoreshouse.com\/de\/wp-json\/wp\/v2\/media?parent=7670"}],"curies":[{"name":"wp","href":"https:\/\/api.w.org\/{rel}","templated":true}]}}