{"id":6237,"date":"2017-11-03T12:22:35","date_gmt":"2017-11-03T12:22:35","guid":{"rendered":"http:\/\/furnasazoreshouse.com\/?page_id=6237"},"modified":"2022-09-28T10:53:20","modified_gmt":"2022-09-28T10:53:20","slug":"contactos-alojamiento-azores","status":"publish","type":"page","link":"https:\/\/furnasazoreshouse.com\/es\/contactos-alojamiento-azores\/","title":{"rendered":"Contactos"},"content":{"rendered":"<p>[vc_row][vc_column][vc_column_text]<div class=\"vc_row wpb_row vc_row-fluid vc_custom_1511447719783\">\n\t   <div class=\"wpb_column vc_column_container vc_col-xs-12 vc_col-sm-6 vc_col-md-6 vc_col-lg-4\">\n\t\t\t\t  <div class=\"vc_column-inner\">\n\t\t\t\t\t <div class=\"wpb_wrapper\">\n\t\t\t\t\t\t<div class=\"eltd-elements-holder   eltd-one-column  eltd-responsive-mode-768 \">\n\t\t\t\t\t\t   <div class=\"eltd-eh-item   eltd-horizontal-alignment-center \" data-item-class=\"eltd-eh-custom-2076\" data-768-1024=\"0 44px 0 44px\">\n\t\t\t\t\t\t\t  <div class=\"eltd-eh-item-inner\">\n\t\t\t\t\t\t\t\t <div class=\"eltd-eh-item-content eltd-eh-custom-2076\" style=\"padding: 40px\">\n\t\t\t\t\t\t\t\t\t<span class=\"eltd-icon-shortcode eltd-normal   eltd-icon-medium\">\n\t\t\t\t\t\t\t\t\t<a itemprop=\"url\" class=\"\" href=\"#\" target=\"_self\">\n\t\t\t\t\t\t\t\t\t<span aria-hidden=\"true\" class=\"eltd-icon-linear-icons lnr lnr-map-marker eltd-icon-element\" style=\"font-size:36px\"><\/span> <\/a>\n\t\t\t\t\t\t\t\t\t<\/span>\n\t\t\t\t\t\t\t\t\t<div class=\"vc_empty_space\" style=\"height: 2px\"><span class=\"vc_empty_space_inner\"><\/span><\/div>\n\t\t\t\t\t\t\t\t\t<div class=\"wpb_text_column wpb_content_element \">\n\t\t\t\t\t\t\t\t\t   <div class=\"wpb_wrapper\">\n\t\t\t\t\t\t\t\t\t\t  <p style=\"font-weight: 400; letter-spacing: .1em;\">DIRECCI\u00d3N<\/p>\n\t\t\t\t\t\t\t\t\t   <\/div>\n\t\t\t\t\t\t\t\t\t<\/div>\n\t\t\t\t\t\t\t\t\t<div class=\"wpb_text_column wpb_content_element \">\n\t\t\t\t\t\t\t\t\t   <div class=\"wpb_wrapper\">\n\t\t\t\t\t\t\t\t\t\t  <p>R. do Estaleiro 47F, 9675-057 Furnas<\/p>\n\n\t\t\t\t\t\t\t\t\t   <\/div>\n\t\t\t\t\t\t\t\t\t<\/div>\n\t\t\t\t\t\t\t\t\t<div class=\"vc_empty_space\" style=\"height: 40px\"><span class=\"vc_empty_space_inner\"><\/span><\/div>\n\t\t\t\t\t\t\t\t <\/div>\n\t\t\t\t\t\t\t  <\/div>\n\t\t\t\t\t\t   <\/div>\n\t\t\t\t\t\t<\/div>\n\t\t\t\t\t <\/div>\n\t\t\t\t  <\/div>\n\t\t\t   <\/div><div class=\"wpb_column vc_column_container vc_col-xs-12 vc_col-sm-6 vc_col-md-6 vc_col-lg-4\">\n\t\t\t\t  <div class=\"vc_column-inner\">\n\t\t\t\t\t <div class=\"wpb_wrapper\">\n\t\t\t\t\t\t<div class=\"eltd-elements-holder   eltd-one-column  eltd-responsive-mode-768 \">\n\t\t\t\t\t\t   <div class=\"eltd-eh-item   eltd-horizontal-alignment-center \" data-item-class=\"eltd-eh-custom-2076\" data-768-1024=\"0 44px 0 44px\">\n\t\t\t\t\t\t\t  <div class=\"eltd-eh-item-inner\">\n\t\t\t\t\t\t\t\t <div class=\"eltd-eh-item-content eltd-eh-custom-2076\" style=\"padding: 40px\">\n\t\t\t\t\t\t\t\t\t<span class=\"eltd-icon-shortcode eltd-normal   eltd-icon-medium\">\n\t\t\t\t\t\t\t\t\t<a itemprop=\"url\" class=\"\" href=\"#\" target=\"_self\">\n\t\t\t\t\t\t\t\t\t<span aria-hidden=\"true\" class=\"eltd-icon-linear-icons lnr lnr-phone-handset eltd-icon-element\" style=\"font-size:36px\"><\/span> <\/a>\n\t\t\t\t\t\t\t\t\t<\/span>\n\t\t\t\t\t\t\t\t\t<div class=\"vc_empty_space\" style=\"height: 2px\"><span class=\"vc_empty_space_inner\"><\/span><\/div>\n\t\t\t\t\t\t\t\t\t<div class=\"wpb_text_column wpb_content_element \">\n\t\t\t\t\t\t\t\t\t   <div class=\"wpb_wrapper\">\n\t\t\t\t\t\t\t\t\t\t  <p style=\"font-weight: 400; letter-spacing: .1em;\">TEL\u00c9FONO<\/p>\n\t\t\t\t\t\t\t\t\t   <\/div>\n\t\t\t\t\t\t\t\t\t<\/div>\n\t\t\t\t\t\t\t\t\t<div class=\"wpb_text_column wpb_content_element \">\n\t\t\t\t\t\t\t\t\t   <div class=\"wpb_wrapper\">\n\t\t\t\t\t\t\t\t\t\t  <p>+351 910 042 122<\/p>\n<p>+351 <span aria-label=\"Ligar para o n\u00famero de telefone 914 161 585\">914 161 585<\/span><\/p>\n\n\t\t\t\t\t\t\t\t\t   <\/div>\n\t\t\t\t\t\t\t\t\t<\/div>\n\t\t\t\t\t\t\t\t\t<div class=\"vc_empty_space\" style=\"height: 40px\"><span class=\"vc_empty_space_inner\"><\/span><\/div>\n\t\t\t\t\t\t\t\t <\/div>\n\t\t\t\t\t\t\t  <\/div>\n\t\t\t\t\t\t   <\/div>\n\t\t\t\t\t\t<\/div>\n\t\t\t\t\t <\/div>\n\t\t\t\t  <\/div>\n\t\t\t   <\/div><div class=\"wpb_column vc_column_container vc_col-xs-12 vc_col-sm-6 vc_col-md-6 vc_col-lg-4\">\n\t\t\t\t  <div class=\"vc_column-inner\">\n\t\t\t\t\t <div class=\"wpb_wrapper\">\n\t\t\t\t\t\t<div class=\"eltd-elements-holder   eltd-one-column  eltd-responsive-mode-768 \">\n\t\t\t\t\t\t   <div class=\"eltd-eh-item   eltd-horizontal-alignment-center \" data-item-class=\"eltd-eh-custom-2076\" data-768-1024=\"0 44px 0 44px\">\n\t\t\t\t\t\t\t  <div class=\"eltd-eh-item-inner\">\n\t\t\t\t\t\t\t\t <div class=\"eltd-eh-item-content eltd-eh-custom-2076\" style=\"padding: 40px\">\n\t\t\t\t\t\t\t\t\t<span class=\"eltd-icon-shortcode eltd-normal   eltd-icon-medium\">\n\t\t\t\t\t\t\t\t\t<a itemprop=\"url\" class=\"\" href=\"#\" target=\"_self\">\n\t\t\t\t\t\t\t\t\t<span aria-hidden=\"true\" class=\"eltd-icon-linear-icons lnr lnr-envelope eltd-icon-element\" style=\"font-size:36px\"><\/span> <\/a>\n\t\t\t\t\t\t\t\t\t<\/span>\n\t\t\t\t\t\t\t\t\t<div class=\"vc_empty_space\" style=\"height: 2px\"><span class=\"vc_empty_space_inner\"><\/span><\/div>\n\t\t\t\t\t\t\t\t\t<div class=\"wpb_text_column wpb_content_element \">\n\t\t\t\t\t\t\t\t\t   <div class=\"wpb_wrapper\">\n\t\t\t\t\t\t\t\t\t\t  <p style=\"font-weight: 400; letter-spacing: .1em;\">EMAIL<\/p>\n\t\t\t\t\t\t\t\t\t   <\/div>\n\t\t\t\t\t\t\t\t\t<\/div>\n\t\t\t\t\t\t\t\t\t<div class=\"wpb_text_column wpb_content_element \">\n\t\t\t\t\t\t\t\t\t   <div class=\"wpb_wrapper\">\n\t\t\t\t\t\t\t\t\t\t  <p>geral@furnasazoreshouse.com<\/p>\n\n\t\t\t\t\t\t\t\t\t   <\/div>\n\t\t\t\t\t\t\t\t\t<\/div>\n\t\t\t\t\t\t\t\t\t<div class=\"vc_empty_space\" style=\"height: 40px\"><span class=\"vc_empty_space_inner\"><\/span><\/div>\n\t\t\t\t\t\t\t\t <\/div>\n\t\t\t\t\t\t\t  <\/div>\n\t\t\t\t\t\t   <\/div>\n\t\t\t\t\t\t<\/div>\n\t\t\t\t\t <\/div>\n\t\t\t\t  <\/div>\n\t\t\t   <\/div>\n\t<\/div>[\/vc_column_text][\/vc_column][\/vc_row][vc_row row_content_width=\u00bbgrid\u00bb css=\u00bb.vc_custom_1511957280439{padding-bottom: 32px !important;}\u00bb][vc_column css=\u00bb.vc_custom_1509720858879{padding-right: 50px !important;padding-left: 50px !important;}\u00bb][vc_column_text]<iframe src=\"https:\/\/www.google.com\/maps\/embed?pb=!1m14!1m8!1m3!1d6877.843393996107!2d-25.306627710049064!3d37.778202491740224!3m2!1i1024!2i768!4f13.1!3m3!1m2!1s0x0%3A0xb9cf19593b3466b1!2sAL%20-%20The%20Furnas%20Azores%20House!5e0!3m2!1spt-PT!2spt!4v1660303249570!5m2!1spt-PT!2spt\" width=\"100%\" height=\"600\"  allowfullscreen=\"\" loading=\"lazy\" referrerpolicy=\"no-referrer-when-downgrade\"><\/iframe>[\/vc_column_text][\/vc_column][\/vc_row][vc_row css=\u00bb.vc_custom_1660302346004{padding-right: 40px !important;padding-left: 40px !important;}\u00bb][vc_column][vc_column_text]<div class=\"vc_row wpb_row vc_row-fluid vc_custom_1660302034878\">\n\t\t   <div class=\"wpb_column vc_column_container vc_col-sm-6\">\n\t\t\t  <div class=\"vc_column-inner\">\n\t\t\t\t <div class=\"wpb_wrapper\">\n\t\t\t\t\t<div class=\"eltd-section-title-holder eltd-separator-disabled  \">\n\t\t\t\t\t   <div class=\"eltd-section-title-inner\">\n\t\t\t\t\t\t  <h2 class=\"eltd-st-title \">\n\t\t\t\t\t\t\t <span class=\"eltd-st-before\"><\/span>\n\t\t\t\t\t\t\t <span>Formulario de Contacto<\/span>\n\t\t\t\t\t\t  <\/h2>\n\t\t\t\t\t\t  <div class=\"eltd-st-text\"><p>\u00a1Cont\u00e1ctenos para m\u00e1s informaci\u00f3n!<\/p>\n<\/div>\n\t\t\t\t\t   <\/div>\n\t\t\t\t\t<\/div>\n\t\t\t\t <\/div>\n\t\t\t  <\/div>\n\t\t   <\/div>\n\t\t   <div class=\"wpb_column vc_column_container vc_col-sm-6\">\n\t\t\t  <div class=\"vc_column-inner\">\n\t\t\t\t <div class=\"wpb_wrapper\">\n\t\t\t\t\t<div role=\"form\" class=\"wpcf7\" id=\"wpcf7-f6513-o1\" lang=\"es-ES\" dir=\"ltr\">\n<div class=\"screen-reader-response\"><p role=\"status\" aria-live=\"polite\" aria-atomic=\"true\"><\/p> <ul><\/ul><\/div>\n<form action=\"\/es\/wp-json\/wp\/v2\/pages\/6237#wpcf7-f6513-o1\" method=\"post\" class=\"wpcf7-form init\" novalidate=\"novalidate\" data-status=\"init\">\n<div style=\"display: none;\">\n<input type=\"hidden\" name=\"_wpcf7\" value=\"6513\" \/>\n<input type=\"hidden\" name=\"_wpcf7_version\" value=\"5.6\" \/>\n<input type=\"hidden\" name=\"_wpcf7_locale\" value=\"es_ES\" \/>\n<input type=\"hidden\" name=\"_wpcf7_unit_tag\" value=\"wpcf7-f6513-o1\" \/>\n<input type=\"hidden\" name=\"_wpcf7_container_post\" value=\"0\" \/>\n<input type=\"hidden\" name=\"_wpcf7_posted_data_hash\" value=\"\" \/>\n<\/div>\n<p><label> <span class=\"wpcf7-form-control-wrap\" data-name=\"nome\"><input type=\"text\" name=\"nome\" value=\"\" size=\"40\" class=\"wpcf7-form-control wpcf7-text wpcf7-validates-as-required\" aria-required=\"true\" aria-invalid=\"false\" placeholder=\"Nombre\" \/><\/span> <\/label><\/p>\n<div class=\"vc_empty_space\" style=\"height: 10px\"><span class=\"vc_empty_space_inner\"><\/span><\/div>\n<p><label> <span class=\"wpcf7-form-control-wrap\" data-name=\"email\"><input type=\"email\" name=\"email\" value=\"\" size=\"40\" class=\"wpcf7-form-control wpcf7-text wpcf7-email wpcf7-validates-as-required wpcf7-validates-as-email\" aria-required=\"true\" aria-invalid=\"false\" placeholder=\"Email\" \/><\/span> <\/label><\/p>\n<div class=\"vc_empty_space\" style=\"height: 10px\"><span class=\"vc_empty_space_inner\"><\/span><\/div>\n<p><label> <span class=\"wpcf7-form-control-wrap\" data-name=\"mensagem\"><textarea name=\"mensagem\" cols=\"40\" rows=\"10\" class=\"wpcf7-form-control wpcf7-textarea\" aria-invalid=\"false\" placeholder=\"Mensaje\"><\/textarea><\/span> <\/label><\/p>\n<div class=\"vc_empty_space\" style=\"height: 10px\"><span class=\"vc_empty_space_inner\"><\/span><\/div>\n<div style=\"display:flex;align-items: center;\"><span class=\"wpcf7-form-control-wrap\" data-name=\"your-consent\"><span class=\"wpcf7-form-control wpcf7-acceptance\"><span class=\"wpcf7-list-item\"><label><input type=\"checkbox\" name=\"your-consent\" value=\"1\" aria-invalid=\"false\" \/><span class=\"wpcf7-list-item-label\">&nbsp;<\/span><\/label><\/span><\/span><\/span><\/p>\n<p>He le\u00eddo y acepto los <a href=\"https:\/\/furnasazoreshouse.com\/termos-e-condicoes\/\" target=\"_blank\">T\u00e9rminos y Condiciones<\/a> y la <a href=\"https:\/\/furnasazoreshouse.com\/politica-de-privacidade\/\" target=\"_blank\">Pol\u00edtica de Privacidad<\/a>.<\/p>\n<\/div>\n<p><input type=\"submit\" value=\"ENVIAR\" class=\"wpcf7-form-control has-spinner wpcf7-submit\" \/><\/p>\n<div class=\"wpcf7-response-output\" aria-hidden=\"true\"><\/div><\/form><\/div>\n\t\t\t\t <\/div>\n\t\t\t  <\/div>\n\t\t   <\/div>\n\t\t<\/div>[\/vc_column_text][\/vc_column][\/vc_row]<\/p>\n","protected":false},"excerpt":{"rendered":"<p>[vc_row][vc_column][vc_column_text][\/vc_column_text][\/vc_column][\/vc_row][vc_row row_content_width=\u00bbgrid\u00bb css=\u00bb.vc_custom_1511957280439{padding-bottom: 32px !important;}\u00bb][vc_column css=\u00bb.vc_custom_1509720858879{padding-right: 50px !important;padding-left: 50px !important;}\u00bb][vc_column_text][\/vc_column_text][\/vc_column][\/vc_row][vc_row css=\u00bb.vc_custom_1660302346004{padding-right: 40px !important;padding-left: 40px !important;}\u00bb][vc_column][vc_column_text][\/vc_column_text][\/vc_column][\/vc_row]<\/p>\n","protected":false},"author":1,"featured_media":0,"parent":0,"menu_order":0,"comment_status":"closed","ping_status":"closed","template":"","meta":[],"yoast_head":"<!-- This site is optimized with the Yoast SEO plugin v19.5.1 - https:\/\/yoast.com\/wordpress\/plugins\/seo\/ -->\n<title>Furnas Azores House - Tu Alojamiento Local en las Azores<\/title>\n<meta name=\"description\" content=\"\u00bfBuscas un alojamiento local con todas las comodidades para tus vacaciones en las Azores? \u00a1Ponte en contacto con nosotros!\" \/>\n<meta name=\"robots\" content=\"index, follow, max-snippet:-1, max-image-preview:large, max-video-preview:-1\" \/>\n<link rel=\"canonical\" href=\"https:\/\/furnasazoreshouse.com\/es\/contactos-alojamiento-azores\/\" \/>\n<meta property=\"og:locale\" content=\"es_ES\" \/>\n<meta property=\"og:type\" content=\"article\" \/>\n<meta property=\"og:title\" content=\"Furnas Azores House - Tu Alojamiento Local en las Azores\" \/>\n<meta property=\"og:description\" content=\"false\" \/>\n<meta property=\"og:url\" content=\"https:\/\/furnasazoreshouse.com\/es\/contactos-alojamiento-azores\/\" \/>\n<meta property=\"og:site_name\" content=\"Furnas Azores House\" \/>\n<meta property=\"article:modified_time\" content=\"2022-09-28T10:53:20+00:00\" \/>\n<meta property=\"og:image\" content=\"http:\/\/1\" \/>\n<meta name=\"twitter:card\" content=\"summary_large_image\" \/>\n<script type=\"application\/ld+json\" class=\"yoast-schema-graph\">{\"@context\":\"https:\/\/schema.org\",\"@graph\":[{\"@type\":\"WebPage\",\"@id\":\"https:\/\/furnasazoreshouse.com\/es\/contactos-alojamiento-azores\/\",\"url\":\"https:\/\/furnasazoreshouse.com\/es\/contactos-alojamiento-azores\/\",\"name\":\"Furnas Azores House - Tu Alojamiento Local en las Azores\",\"isPartOf\":{\"@id\":\"https:\/\/furnasazoreshouse.com\/#website\"},\"datePublished\":\"2017-11-03T12:22:35+00:00\",\"dateModified\":\"2022-09-28T10:53:20+00:00\",\"description\":\"\u00bfBuscas un alojamiento local con todas las comodidades para tus vacaciones en las Azores? \u00a1Ponte en contacto con nosotros!\",\"breadcrumb\":{\"@id\":\"https:\/\/furnasazoreshouse.com\/es\/contactos-alojamiento-azores\/#breadcrumb\"},\"inLanguage\":\"es\",\"potentialAction\":[{\"@type\":\"ReadAction\",\"target\":[\"https:\/\/furnasazoreshouse.com\/es\/contactos-alojamiento-azores\/\"]}]},{\"@type\":\"BreadcrumbList\",\"@id\":\"https:\/\/furnasazoreshouse.com\/es\/contactos-alojamiento-azores\/#breadcrumb\",\"itemListElement\":[{\"@type\":\"ListItem\",\"position\":1,\"name\":\"In\u00edcio\",\"item\":\"https:\/\/furnasazoreshouse.com\/es\/\"},{\"@type\":\"ListItem\",\"position\":2,\"name\":\"Contactos\"}]},{\"@type\":\"WebSite\",\"@id\":\"https:\/\/furnasazoreshouse.com\/#website\",\"url\":\"https:\/\/furnasazoreshouse.com\/\",\"name\":\"Furnas Azores House\",\"description\":\"A\u00e7ores\",\"potentialAction\":[{\"@type\":\"SearchAction\",\"target\":{\"@type\":\"EntryPoint\",\"urlTemplate\":\"https:\/\/furnasazoreshouse.com\/?s={search_term_string}\"},\"query-input\":\"required name=search_term_string\"}],\"inLanguage\":\"es\"}]}<\/script>\n<!-- \/ Yoast SEO plugin. -->","yoast_head_json":{"title":"Furnas Azores House - Tu Alojamiento Local en las Azores","description":"\u00bfBuscas un alojamiento local con todas las comodidades para tus vacaciones en las Azores? \u00a1Ponte en contacto con nosotros!","robots":{"index":"index","follow":"follow","max-snippet":"max-snippet:-1","max-image-preview":"max-image-preview:large","max-video-preview":"max-video-preview:-1"},"canonical":"https:\/\/furnasazoreshouse.com\/es\/contactos-alojamiento-azores\/","og_locale":"es_ES","og_type":"article","og_title":"Furnas Azores House - Tu Alojamiento Local en las Azores","og_description":"false","og_url":"https:\/\/furnasazoreshouse.com\/es\/contactos-alojamiento-azores\/","og_site_name":"Furnas Azores House","article_modified_time":"2022-09-28T10:53:20+00:00","og_image":[{"url":"1"}],"twitter_card":"summary_large_image","schema":{"@context":"https:\/\/schema.org","@graph":[{"@type":"WebPage","@id":"https:\/\/furnasazoreshouse.com\/es\/contactos-alojamiento-azores\/","url":"https:\/\/furnasazoreshouse.com\/es\/contactos-alojamiento-azores\/","name":"Furnas Azores House - Tu Alojamiento Local en las Azores","isPartOf":{"@id":"https:\/\/furnasazoreshouse.com\/#website"},"datePublished":"2017-11-03T12:22:35+00:00","dateModified":"2022-09-28T10:53:20+00:00","description":"\u00bfBuscas un alojamiento local con todas las comodidades para tus vacaciones en las Azores? \u00a1Ponte en contacto con nosotros!","breadcrumb":{"@id":"https:\/\/furnasazoreshouse.com\/es\/contactos-alojamiento-azores\/#breadcrumb"},"inLanguage":"es","potentialAction":[{"@type":"ReadAction","target":["https:\/\/furnasazoreshouse.com\/es\/contactos-alojamiento-azores\/"]}]},{"@type":"BreadcrumbList","@id":"https:\/\/furnasazoreshouse.com\/es\/contactos-alojamiento-azores\/#breadcrumb","itemListElement":[{"@type":"ListItem","position":1,"name":"In\u00edcio","item":"https:\/\/furnasazoreshouse.com\/es\/"},{"@type":"ListItem","position":2,"name":"Contactos"}]},{"@type":"WebSite","@id":"https:\/\/furnasazoreshouse.com\/#website","url":"https:\/\/furnasazoreshouse.com\/","name":"Furnas Azores House","description":"A\u00e7ores","potentialAction":[{"@type":"SearchAction","target":{"@type":"EntryPoint","urlTemplate":"https:\/\/furnasazoreshouse.com\/?s={search_term_string}"},"query-input":"required name=search_term_string"}],"inLanguage":"es"}]}},"_links":{"self":[{"href":"https:\/\/furnasazoreshouse.com\/es\/wp-json\/wp\/v2\/pages\/6237"}],"collection":[{"href":"https:\/\/furnasazoreshouse.com\/es\/wp-json\/wp\/v2\/pages"}],"about":[{"href":"https:\/\/furnasazoreshouse.com\/es\/wp-json\/wp\/v2\/types\/page"}],"author":[{"embeddable":true,"href":"https:\/\/furnasazoreshouse.com\/es\/wp-json\/wp\/v2\/users\/1"}],"replies":[{"embeddable":true,"href":"https:\/\/furnasazoreshouse.com\/es\/wp-json\/wp\/v2\/comments?post=6237"}],"version-history":[{"count":5,"href":"https:\/\/furnasazoreshouse.com\/es\/wp-json\/wp\/v2\/pages\/6237\/revisions"}],"predecessor-version":[{"id":7067,"href":"https:\/\/furnasazoreshouse.com\/es\/wp-json\/wp\/v2\/pages\/6237\/revisions\/7067"}],"wp:attachment":[{"href":"https:\/\/furnasazoreshouse.com\/es\/wp-json\/wp\/v2\/media?parent=6237"}],"curies":[{"name":"wp","href":"https:\/\/api.w.org\/{rel}","templated":true}]}}