{"id":6242,"date":"2017-11-28T10:08:44","date_gmt":"2017-11-28T10:08:44","guid":{"rendered":"http:\/\/furnasazoreshouse.com\/covid-free\/"},"modified":"2022-09-20T16:50:54","modified_gmt":"2022-09-20T16:50:54","slug":"covid-free-azores-alojamiento","status":"publish","type":"page","link":"https:\/\/furnasazoreshouse.com\/es\/covid-free-azores-alojamiento\/","title":{"rendered":"Covid Free"},"content":{"rendered":"<p>[vc_row row_content_width=\u00bbgrid\u00bb css=\u00bb.vc_custom_1660314281735{margin-top: 5rem !important;}\u00bb][vc_column][vc_column_text]<div class=\"vc_row wpb_row vc_row-fluid vc_custom_1511863814566\">\n\t\t<div class=\"wpb_column vc_column_container vc_col-sm-10 vc_col-lg-offset-0 vc_col-lg-4 vc_col-md-offset-0 vc_col-md-4 vc_col-sm-offset-1\">\n\t\t\t  <div class=\"vc_column-inner\">\n\t\t\t\t <div class=\"wpb_wrapper\">\n\t\t\t\t\t<div class=\"eltd-elements-holder   eltd-one-column  eltd-responsive-mode-768 \">\n\t\t\t\t\t   <div class=\"eltd-eh-item    \" data-item-class=\"eltd-eh-custom-9378\" data-1280-1600=\"0 0 0 0\" data-1024-1280=\"0 0 0 0\" data-768-1024=\"0 5% 0 0\">\n\t\t\t\t\t\t  <div class=\"eltd-eh-item-inner\">\n\t\t\t\t\t\t\t <div class=\"eltd-eh-item-content eltd-eh-custom-9378\" style=\"padding: 0 15% 0 0\">\n\t\t\t\t\t\t\t\t<div class=\"eltd-iwt clearfix  eltd-iwt-icon-left eltd-iwt-icon-medium \">\n\t\t\t\t\t\t\t\t   <div class=\"eltd-iwt-icon\">\n\t\t\t\t\t\t\t\t\t  <a itemprop=\"url\" href=\"#\" target=\"_self\">\n\t\t\t\t\t\t\t\t\t  <span class=\"eltd-icon-shortcode eltd-normal   eltd-icon-medium\" data-color=\"#898989\">\n\t\t\t\t\t\t\t\t\t  <span aria-hidden=\"true\" class=\"eltd-icon-linear-icons lnr lnr-hourglass eltd-icon-element\" style=\"color: #898989;font-size:20px\"><\/span>            <\/span>\n\t\t\t\t\t\t\t\t\t  <\/a>\n\t\t\t\t\t\t\t\t   <\/div>\n\t\t\t\t\t\t\t\t   <div class=\"eltd-iwt-content\">\n\t\t\t\t\t\t\t\t\t  <h4 class=\"eltd-iwt-title\">\n\t\t\t\t\t\t\t\t\t\t <a itemprop=\"url\" href=\"#\" target=\"_self\">\n\t\t\t\t\t\t\t\t\t\t <span class=\"eltd-iwt-title-text\">Plan de saneamiento<\/span>\n\t\t\t\t\t\t\t\t\t\t <\/a>\n\t\t\t\t\t\t\t\t\t  <\/h4>\n\t\t\t\t\t\t\t\t\t  <div class=\"eltd-iwt-text\"><p>Limpieza y desinfecci\u00f3n, de acuerdo con \u00e9l presente protocolo interno, de las superficies en las que circulan colaboradores y clientes, garantizando el control y la prevenci\u00f3n de infecciones y resistencias a los antimicrobianos.<\/p>\n<p>Uso de la limpieza en h\u00famedo, en detrimento de la limpieza en seco y el uso de la aspiradora.<\/p>\n<p>El cubo y la fregona para el suelo suelen ser reutilizables, por lo que se debe garantizar una limpieza y desinfecci\u00f3n de estos equipos al final de cada uso.<\/p>\n<p>Para el suelo, el lavado se realiza con agua caliente y detergente com\u00fan, seguido de la desinfecci\u00f3n con soluci\u00f3n de lej\u00eda diluida en agua despu\u00e9s de salir.<\/p>\n<p>En los aseos, el lavado se realiza, preferentemente, con producto que contenga en la composici\u00f3n detergente y desinfectante porque es de m\u00e1s f\u00e1cil aplicaci\u00f3n y desinfecci\u00f3n.<\/p>\n<p>Cuidados espec\u00edficos para cambio de ropa de cama y limpieza en las habitaciones, privilegiando dos tiempos de intervenci\u00f3n espaciados (aireaci\u00f3n y limpieza) y con protecci\u00f3n adecuada seg\u00fan Protocolo interno.<\/p>\n<p>Retirada de la ropa de cama y los atascos hechos sin agitarla o sacudirla, enroll\u00e1ndola por el exterior hacia el interior, sin tocarla contra el cuerpo y transport\u00e1ndola directamente a la lavadora.<\/p>\n<p>El lavado por separado a m\u00e1quina y a altas temperaturas de la ropa de cama\/los atascos (alrededor de 60\u00baC).<\/p>\n<p>El lavado y desinfecci\u00f3n de las protecciones de almohadas y protectores de colch\u00f3n siempre que cambie el cliente.<\/p>\n<p>Higienizaci\u00f3n de comandos de TV.<\/p>\n<\/div>\n\t\t\t\t\t\t\t\t   <\/div>\n\t\t\t\t\t\t\t\t<\/div>\n\t\t\t\t\t\t\t\t\n\t\t\t\t\t\t\t\t<div class=\"vc_empty_space\" style=\"height: 40px\"><span class=\"vc_empty_space_inner\"><\/span><\/div>\n\t\t\t\t\t\t\t <\/div>\n\t\t\t\t\t\t  <\/div>\n\t\t\t\t\t   <\/div>\n\t\t\t\t\t<\/div>\n\t\t\t\t <\/div>\n\t\t\t  <\/div>\n\t\t   <\/div><div class=\"wpb_column vc_column_container vc_col-sm-10 vc_col-lg-offset-0 vc_col-lg-4 vc_col-md-offset-0 vc_col-md-4 vc_col-sm-offset-1\">\n\t\t\t  <div class=\"vc_column-inner\">\n\t\t\t\t <div class=\"wpb_wrapper\">\n\t\t\t\t\t<div class=\"eltd-elements-holder   eltd-one-column  eltd-responsive-mode-768 \">\n\t\t\t\t\t   <div class=\"eltd-eh-item    \" data-item-class=\"eltd-eh-custom-9378\" data-1280-1600=\"0 0 0 0\" data-1024-1280=\"0 0 0 0\" data-768-1024=\"0 5% 0 0\">\n\t\t\t\t\t\t  <div class=\"eltd-eh-item-inner\">\n\t\t\t\t\t\t\t <div class=\"eltd-eh-item-content eltd-eh-custom-9378\" style=\"padding: 0 15% 0 0\">\n\t\t\t\t\t\t\t\t<div class=\"eltd-iwt clearfix  eltd-iwt-icon-left eltd-iwt-icon-medium \">\n\t\t\t\t\t\t\t\t   <div class=\"eltd-iwt-icon\">\n\t\t\t\t\t\t\t\t\t  <a itemprop=\"url\" href=\"#\" target=\"_self\">\n\t\t\t\t\t\t\t\t\t  <span class=\"eltd-icon-shortcode eltd-normal   eltd-icon-medium\" data-color=\"#898989\">\n\t\t\t\t\t\t\t\t\t  <span aria-hidden=\"true\" class=\"eltd-icon-linear-icons lnr lnr-calendar-full eltd-icon-element\" style=\"color: #898989;font-size:20px\"><\/span>            <\/span>\n\t\t\t\t\t\t\t\t\t  <\/a>\n\t\t\t\t\t\t\t\t   <\/div>\n\t\t\t\t\t\t\t\t   <div class=\"eltd-iwt-content\">\n\t\t\t\t\t\t\t\t\t  <h4 class=\"eltd-iwt-title\">\n\t\t\t\t\t\t\t\t\t\t <a itemprop=\"url\" href=\"#\" target=\"_self\">\n\t\t\t\t\t\t\t\t\t\t <span class=\"eltd-iwt-title-text\">Procedimientos en las instalaciones<\/span>\n\t\t\t\t\t\t\t\t\t\t <\/a>\n\t\t\t\t\t\t\t\t\t  <\/h4>\n\t\t\t\t\t\t\t\t\t  <div class=\"eltd-iwt-text\"><p>Garantizar que los clientes tengan conocimiento y acceso al presente Protocolo interno relativo al de coronavirus COVID-19.<\/p>\n<p>Facilitar informaci\u00f3n sobre el cumplimiento de las precauciones b\u00e1sicas de prevenci\u00f3n y control de infecciones con respecto al coronavirus COVID-19.<\/p>\n<\/div>\n\t\t\t\t\t\t\t\t   <\/div>\n\t\t\t\t\t\t\t\t<\/div>\n\t\t\t\t\t\t\t\t\n\t\t\t\t\t\t\t\t<div class=\"vc_empty_space\" style=\"height: 40px\"><span class=\"vc_empty_space_inner\"><\/span><\/div>\n\t\t\t\t\t\t\t <\/div>\n\t\t\t\t\t\t  <\/div>\n\t\t\t\t\t   <\/div>\n\t\t\t\t\t<\/div>\n\t\t\t\t <\/div>\n\t\t\t  <\/div>\n\t\t   <\/div><div class=\"wpb_column vc_column_container vc_col-sm-10 vc_col-lg-offset-0 vc_col-lg-4 vc_col-md-offset-0 vc_col-md-4 vc_col-sm-offset-1\">\n\t\t\t  <div class=\"vc_column-inner\">\n\t\t\t\t <div class=\"wpb_wrapper\">\n\t\t\t\t\t<div class=\"eltd-elements-holder   eltd-one-column  eltd-responsive-mode-768 \">\n\t\t\t\t\t   <div class=\"eltd-eh-item    \" data-item-class=\"eltd-eh-custom-9378\" data-1280-1600=\"0 0 0 0\" data-1024-1280=\"0 0 0 0\" data-768-1024=\"0 5% 0 0\">\n\t\t\t\t\t\t  <div class=\"eltd-eh-item-inner\">\n\t\t\t\t\t\t\t <div class=\"eltd-eh-item-content eltd-eh-custom-9378\" style=\"padding: 0 15% 0 0\">\n\t\t\t\t\t\t\t\t<div class=\"eltd-iwt clearfix  eltd-iwt-icon-left eltd-iwt-icon-medium \">\n\t\t\t\t\t\t\t\t   <div class=\"eltd-iwt-icon\">\n\t\t\t\t\t\t\t\t\t  <a itemprop=\"url\" href=\"#\" target=\"_self\">\n\t\t\t\t\t\t\t\t\t  <span class=\"eltd-icon-shortcode eltd-normal   eltd-icon-medium\" data-color=\"#898989\">\n\t\t\t\t\t\t\t\t\t  <span aria-hidden=\"true\" class=\"eltd-icon-linear-icons lnr lnr-sun eltd-icon-element\" style=\"color: #898989;font-size:20px\"><\/span>            <\/span>\n\t\t\t\t\t\t\t\t\t  <\/a>\n\t\t\t\t\t\t\t\t   <\/div>\n\t\t\t\t\t\t\t\t   <div class=\"eltd-iwt-content\">\n\t\t\t\t\t\t\t\t\t  <h4 class=\"eltd-iwt-title\">\n\t\t\t\t\t\t\t\t\t\t <a itemprop=\"url\" href=\"#\" target=\"_self\">\n\t\t\t\t\t\t\t\t\t\t <span class=\"eltd-iwt-title-text\">Plan Individual de Protecci\u00f3n<\/span>\n\t\t\t\t\t\t\t\t\t\t <\/a>\n\t\t\t\t\t\t\t\t\t  <\/h4>\n\t\t\t\t\t\t\t\t\t  <div class=\"eltd-iwt-text\"><p>Evitar el contacto f\u00edsico (apretones de manos, abrazos&#8230;);<\/p>\n<p>Utilizar alcohol gel o lavarse las manos con agua y jab\u00f3n durante al menos 20 segundos;<\/p>\n<p>Mantener el distanciamiento social: 2 metros para todas las personas, 4 metros para pacientes o sospechosos;<\/p>\n<p>Evitar reuniones de personas;<\/p>\n<p>Cualquier persona que presente s\u00edntomas de infecci\u00f3n por coronavirus (fiebre, tos o dificultad respiratoria) se considerar\u00e1 un caso sospechoso;<\/p>\n<p>Se recomienda encarecidamente el uso de m\u00e1scara.<\/p>\n<\/div>\n\t\t\t\t\t\t\t\t   <\/div>\n\t\t\t\t\t\t\t\t<\/div>\n\t\t\t\t\t\t\t\t\n\t\t\t\t\t\t\t\t<div class=\"vc_empty_space\" style=\"height: 40px\"><span class=\"vc_empty_space_inner\"><\/span><\/div>\n\t\t\t\t\t\t\t <\/div>\n\t\t\t\t\t\t  <\/div>\n\t\t\t\t\t   <\/div>\n\t\t\t\t\t<\/div>\n\t\t\t\t <\/div>\n\t\t\t  <\/div>\n\t\t   <\/div><div class=\"wpb_column vc_column_container vc_col-sm-10 vc_col-lg-offset-0 vc_col-lg-4 vc_col-md-offset-0 vc_col-md-4 vc_col-sm-offset-1\">\n\t\t\t  <div class=\"vc_column-inner\">\n\t\t\t\t <div class=\"wpb_wrapper\">\n\t\t\t\t\t<div class=\"eltd-elements-holder   eltd-one-column  eltd-responsive-mode-768 \">\n\t\t\t\t\t   <div class=\"eltd-eh-item    \" data-item-class=\"eltd-eh-custom-9378\" data-1280-1600=\"0 0 0 0\" data-1024-1280=\"0 0 0 0\" data-768-1024=\"0 5% 0 0\">\n\t\t\t\t\t\t  <div class=\"eltd-eh-item-inner\">\n\t\t\t\t\t\t\t <div class=\"eltd-eh-item-content eltd-eh-custom-9378\" style=\"padding: 0 15% 0 0\">\n\t\t\t\t\t\t\t\t<div class=\"eltd-iwt clearfix  eltd-iwt-icon-left eltd-iwt-icon-medium \">\n\t\t\t\t\t\t\t\t   <div class=\"eltd-iwt-icon\">\n\t\t\t\t\t\t\t\t\t  <a itemprop=\"url\" href=\"#\" target=\"_self\">\n\t\t\t\t\t\t\t\t\t  <span class=\"eltd-icon-shortcode eltd-normal   eltd-icon-medium\" data-color=\"#898989\">\n\t\t\t\t\t\t\t\t\t  <span aria-hidden=\"true\" class=\"eltd-icon-linear-icons lnr lnr-leaf eltd-icon-element\" style=\"color: #898989;font-size:20px\"><\/span>            <\/span>\n\t\t\t\t\t\t\t\t\t  <\/a>\n\t\t\t\t\t\t\t\t   <\/div>\n\t\t\t\t\t\t\t\t   <div class=\"eltd-iwt-content\">\n\t\t\t\t\t\t\t\t\t  <h4 class=\"eltd-iwt-title\">\n\t\t\t\t\t\t\t\t\t\t <a itemprop=\"url\" href=\"#\" target=\"_self\">\n\t\t\t\t\t\t\t\t\t\t <span class=\"eltd-iwt-title-text\">Plan de protecci\u00f3n de los hu\u00e9spedes<\/span>\n\t\t\t\t\t\t\t\t\t\t <\/a>\n\t\t\t\t\t\t\t\t\t  <\/h4>\n\t\t\t\t\t\t\t\t\t  <div class=\"eltd-iwt-text\"><p>En la entrada de los alojamientos hay recipientes con alcohol gel. En la cocina hay productos de limpieza y desinfectantes;<\/p>\n<p>Hay jab\u00f3n l\u00edquido y toallitas de papel desechables en los ba\u00f1os;<\/p>\n<p>las superficies de contacto de las zonas comunes se lavar\u00e1n y desinfectar\u00e1n con un producto que contenga en su composici\u00f3n detergente y desinfectante;<\/p>\n<p>Se garantiza la correcta aireaci\u00f3n de la casa despu\u00e9s de cada check-out. Aconsejamos a los hu\u00e9spedes a airear diariamente todas las \u00e1reas de los alojamientos;<\/p>\n<p>Se establece un lugar para aislamiento de casos sospechosos o confirmados: Habitaci\u00f3n ventilada, con acceso al ba\u00f1o y adecuadamente equipado.<\/p>\n<\/div>\n\t\t\t\t\t\t\t\t   <\/div>\n\t\t\t\t\t\t\t\t<\/div>\n\t\t\t\t\t\t\t\t\n\t\t\t\t\t\t\t\t<div class=\"vc_empty_space\" style=\"height: 40px\"><span class=\"vc_empty_space_inner\"><\/span><\/div>\n\t\t\t\t\t\t\t <\/div>\n\t\t\t\t\t\t  <\/div>\n\t\t\t\t\t   <\/div>\n\t\t\t\t\t<\/div>\n\t\t\t\t <\/div>\n\t\t\t  <\/div>\n\t\t   <\/div><div class=\"wpb_column vc_column_container vc_col-sm-10 vc_col-lg-offset-0 vc_col-lg-4 vc_col-md-offset-0 vc_col-md-4 vc_col-sm-offset-1\">\n\t\t\t  <div class=\"vc_column-inner\">\n\t\t\t\t <div class=\"wpb_wrapper\">\n\t\t\t\t\t<div class=\"eltd-elements-holder   eltd-one-column  eltd-responsive-mode-768 \">\n\t\t\t\t\t   <div class=\"eltd-eh-item    \" data-item-class=\"eltd-eh-custom-9378\" data-1280-1600=\"0 0 0 0\" data-1024-1280=\"0 0 0 0\" data-768-1024=\"0 5% 0 0\">\n\t\t\t\t\t\t  <div class=\"eltd-eh-item-inner\">\n\t\t\t\t\t\t\t <div class=\"eltd-eh-item-content eltd-eh-custom-9378\" style=\"padding: 0 15% 0 0\">\n\t\t\t\t\t\t\t\t<div class=\"eltd-iwt clearfix  eltd-iwt-icon-left eltd-iwt-icon-medium \">\n\t\t\t\t\t\t\t\t   <div class=\"eltd-iwt-icon\">\n\t\t\t\t\t\t\t\t\t  <a itemprop=\"url\" href=\"#\" target=\"_self\">\n\t\t\t\t\t\t\t\t\t  <span class=\"eltd-icon-shortcode eltd-normal   eltd-icon-medium\" data-color=\"#898989\">\n\t\t\t\t\t\t\t\t\t  <span aria-hidden=\"true\" class=\"eltd-icon-linear-icons lnr lnr-earth eltd-icon-element\" style=\"color: #898989;font-size:20px\"><\/span>            <\/span>\n\t\t\t\t\t\t\t\t\t  <\/a>\n\t\t\t\t\t\t\t\t   <\/div>\n\t\t\t\t\t\t\t\t   <div class=\"eltd-iwt-content\">\n\t\t\t\t\t\t\t\t\t  <h4 class=\"eltd-iwt-title\">\n\t\t\t\t\t\t\t\t\t\t <a itemprop=\"url\" href=\"#\" target=\"_self\">\n\t\t\t\t\t\t\t\t\t\t <span class=\"eltd-iwt-title-text\">Qu\u00e9 hacer en presencia de una persona enferma o sospechosa de estar enferma por COVID-19<\/span>\n\t\t\t\t\t\t\t\t\t\t <\/a>\n\t\t\t\t\t\t\t\t\t  <\/h4>\n\t\t\t\t\t\t\t\t\t  <div class=\"eltd-iwt-text\"><p>El equipo de limpieza esperar\u00e1 el resultado del diagn\u00f3stico de laboratorio antes de iniciar cualquier procedimiento de retirada de la ropa y limpieza;<\/p>\n<p>Identificaci\u00f3n y localizaci\u00f3n inmediata de todas las personas y lugares utilizados por la persona sospechosa;<\/p>\n<p>Limpieza y desinfecci\u00f3n de todas las \u00e1reas sospechosas de contacto.<\/p>\n<\/div>\n\t\t\t\t\t\t\t\t   <\/div>\n\t\t\t\t\t\t\t\t<\/div>\n\t\t\t\t\t\t\t\t\n\t\t\t\t\t\t\t\t<div class=\"vc_empty_space\" style=\"height: 40px\"><span class=\"vc_empty_space_inner\"><\/span><\/div>\n\t\t\t\t\t\t\t <\/div>\n\t\t\t\t\t\t  <\/div>\n\t\t\t\t\t   <\/div>\n\t\t\t\t\t<\/div>\n\t\t\t\t <\/div>\n\t\t\t  <\/div>\n\t\t   <\/div><div class=\"wpb_column vc_column_container vc_col-sm-10 vc_col-lg-offset-0 vc_col-lg-4 vc_col-md-offset-0 vc_col-md-4 vc_col-sm-offset-1\">\n\t\t\t  <div class=\"vc_column-inner\">\n\t\t\t\t <div class=\"wpb_wrapper\">\n\t\t\t\t\t<div class=\"eltd-elements-holder   eltd-one-column  eltd-responsive-mode-768 \">\n\t\t\t\t\t   <div class=\"eltd-eh-item    \" data-item-class=\"eltd-eh-custom-9378\" data-1280-1600=\"0 0 0 0\" data-1024-1280=\"0 0 0 0\" data-768-1024=\"0 5% 0 0\">\n\t\t\t\t\t\t  <div class=\"eltd-eh-item-inner\">\n\t\t\t\t\t\t\t <div class=\"eltd-eh-item-content eltd-eh-custom-9378\" style=\"padding: 0 15% 0 0\">\n\t\t\t\t\t\t\t\t<div class=\"eltd-iwt clearfix  eltd-iwt-icon-left eltd-iwt-icon-medium \">\n\t\t\t\t\t\t\t\t   <div class=\"eltd-iwt-icon\">\n\t\t\t\t\t\t\t\t\t  <a itemprop=\"url\" href=\"#\" target=\"_self\">\n\t\t\t\t\t\t\t\t\t  <span class=\"eltd-icon-shortcode eltd-normal   eltd-icon-medium\" data-color=\"#898989\">\n\t\t\t\t\t\t\t\t\t  <span aria-hidden=\"true\" class=\"eltd-icon-linear-icons lnr lnr-earth eltd-icon-element\" style=\"color: #898989;font-size:20px\"><\/span>            <\/span>\n\t\t\t\t\t\t\t\t\t  <\/a>\n\t\t\t\t\t\t\t\t   <\/div>\n\t\t\t\t\t\t\t\t   <div class=\"eltd-iwt-content\">\n\t\t\t\t\t\t\t\t\t  <h4 class=\"eltd-iwt-title\">\n\t\t\t\t\t\t\t\t\t\t <a itemprop=\"url\" href=\"#\" target=\"_self\">\n\t\t\t\t\t\t\t\t\t\t <span class=\"eltd-iwt-title-text\">Medidas para el paciente o sospechoso de estar enfermo<\/span>\n\t\t\t\t\t\t\t\t\t\t <\/a>\n\t\t\t\t\t\t\t\t\t  <\/h4>\n\t\t\t\t\t\t\t\t\t  <div class=\"eltd-iwt-text\"><p>El paciente no saldr\u00e1 del alojamiento, debiendo permanecer en su cuarto y llamar a los propietarios (+351910042122) o (+351914161585) para que \u00e9stos contacten la L\u00ednea Salud Azores (808 24 60 24), que evaluar\u00e1 el caso y contactar\u00e1 con la Autoridad Local de Salud;<\/p>\n<p>En ning\u00fan caso debe dirigirse al centro de salud, a un consultorio privado o a la urgencia hospitalaria;<\/p>\n<p>esperar las instrucciones de los profesionales sanitarios;<\/p>\n<p>Ponte una m\u00e1scara quir\u00fargica.<\/p>\n<\/div>\n\t\t\t\t\t\t\t\t   <\/div>\n\t\t\t\t\t\t\t\t<\/div>\n\t\t\t\t\t\t\t\t\n\t\t\t\t\t\t\t\t<div class=\"vc_empty_space\" style=\"height: 40px\"><span class=\"vc_empty_space_inner\"><\/span><\/div>\n\t\t\t\t\t\t\t <\/div>\n\t\t\t\t\t\t  <\/div>\n\t\t\t\t\t   <\/div>\n\t\t\t\t\t<\/div>\n\t\t\t\t <\/div>\n\t\t\t  <\/div>\n\t\t   <\/div>\n\t<\/div>[\/vc_column_text][\/vc_column][\/vc_row]<\/p>\n","protected":false},"excerpt":{"rendered":"<p>[vc_row row_content_width=\u00bbgrid\u00bb css=\u00bb.vc_custom_1660314281735{margin-top: 5rem !important;}\u00bb][vc_column][vc_column_text][\/vc_column_text][\/vc_column][\/vc_row]<\/p>\n","protected":false},"author":1,"featured_media":0,"parent":0,"menu_order":0,"comment_status":"closed","ping_status":"closed","template":"full-width.php","meta":[],"yoast_head":"<!-- This site is optimized with the Yoast SEO plugin v19.5.1 - https:\/\/yoast.com\/wordpress\/plugins\/seo\/ -->\n<title>Alojamiento Local en las Azores | Seguridad en su Estancia<\/title>\n<meta name=\"description\" content=\"Bienvenido a Furnas Azores House, un alojamiento local en las Azores que apuesta por la seguridad de sus vacaciones.\" \/>\n<meta name=\"robots\" content=\"index, follow, max-snippet:-1, max-image-preview:large, max-video-preview:-1\" \/>\n<link rel=\"canonical\" href=\"https:\/\/furnasazoreshouse.com\/es\/covid-free-azores-alojamiento\/\" \/>\n<meta property=\"og:locale\" content=\"es_ES\" \/>\n<meta property=\"og:type\" content=\"article\" \/>\n<meta property=\"og:title\" content=\"Alojamiento Local en las Azores | Seguridad en su Estancia\" \/>\n<meta property=\"og:description\" content=\"Bienvenido a Furnas Azores House, un alojamiento local en las Azores que apuesta por la seguridad de sus vacaciones.\" \/>\n<meta property=\"og:url\" content=\"https:\/\/furnasazoreshouse.com\/es\/covid-free-azores-alojamiento\/\" \/>\n<meta property=\"og:site_name\" content=\"Furnas Azores House\" \/>\n<meta property=\"article:modified_time\" content=\"2022-09-20T16:50:54+00:00\" \/>\n<meta name=\"twitter:card\" content=\"summary_large_image\" \/>\n<script type=\"application\/ld+json\" class=\"yoast-schema-graph\">{\"@context\":\"https:\/\/schema.org\",\"@graph\":[{\"@type\":\"WebPage\",\"@id\":\"https:\/\/furnasazoreshouse.com\/es\/covid-free-azores-alojamiento\/\",\"url\":\"https:\/\/furnasazoreshouse.com\/es\/covid-free-azores-alojamiento\/\",\"name\":\"Alojamiento Local en las Azores | Seguridad en su Estancia\",\"isPartOf\":{\"@id\":\"https:\/\/furnasazoreshouse.com\/#website\"},\"datePublished\":\"2017-11-28T10:08:44+00:00\",\"dateModified\":\"2022-09-20T16:50:54+00:00\",\"description\":\"Bienvenido a Furnas Azores House, un alojamiento local en las Azores que apuesta por la seguridad de sus vacaciones.\",\"breadcrumb\":{\"@id\":\"https:\/\/furnasazoreshouse.com\/es\/covid-free-azores-alojamiento\/#breadcrumb\"},\"inLanguage\":\"es\",\"potentialAction\":[{\"@type\":\"ReadAction\",\"target\":[\"https:\/\/furnasazoreshouse.com\/es\/covid-free-azores-alojamiento\/\"]}]},{\"@type\":\"BreadcrumbList\",\"@id\":\"https:\/\/furnasazoreshouse.com\/es\/covid-free-azores-alojamiento\/#breadcrumb\",\"itemListElement\":[{\"@type\":\"ListItem\",\"position\":1,\"name\":\"In\u00edcio\",\"item\":\"https:\/\/furnasazoreshouse.com\/es\/\"},{\"@type\":\"ListItem\",\"position\":2,\"name\":\"Covid Free\"}]},{\"@type\":\"WebSite\",\"@id\":\"https:\/\/furnasazoreshouse.com\/#website\",\"url\":\"https:\/\/furnasazoreshouse.com\/\",\"name\":\"Furnas Azores House\",\"description\":\"A\u00e7ores\",\"potentialAction\":[{\"@type\":\"SearchAction\",\"target\":{\"@type\":\"EntryPoint\",\"urlTemplate\":\"https:\/\/furnasazoreshouse.com\/?s={search_term_string}\"},\"query-input\":\"required name=search_term_string\"}],\"inLanguage\":\"es\"}]}<\/script>\n<!-- \/ Yoast SEO plugin. -->","yoast_head_json":{"title":"Alojamiento Local en las Azores | Seguridad en su Estancia","description":"Bienvenido a Furnas Azores House, un alojamiento local en las Azores que apuesta por la seguridad de sus vacaciones.","robots":{"index":"index","follow":"follow","max-snippet":"max-snippet:-1","max-image-preview":"max-image-preview:large","max-video-preview":"max-video-preview:-1"},"canonical":"https:\/\/furnasazoreshouse.com\/es\/covid-free-azores-alojamiento\/","og_locale":"es_ES","og_type":"article","og_title":"Alojamiento Local en las Azores | Seguridad en su Estancia","og_description":"Bienvenido a Furnas Azores House, un alojamiento local en las Azores que apuesta por la seguridad de sus vacaciones.","og_url":"https:\/\/furnasazoreshouse.com\/es\/covid-free-azores-alojamiento\/","og_site_name":"Furnas Azores House","article_modified_time":"2022-09-20T16:50:54+00:00","twitter_card":"summary_large_image","schema":{"@context":"https:\/\/schema.org","@graph":[{"@type":"WebPage","@id":"https:\/\/furnasazoreshouse.com\/es\/covid-free-azores-alojamiento\/","url":"https:\/\/furnasazoreshouse.com\/es\/covid-free-azores-alojamiento\/","name":"Alojamiento Local en las Azores | Seguridad en su Estancia","isPartOf":{"@id":"https:\/\/furnasazoreshouse.com\/#website"},"datePublished":"2017-11-28T10:08:44+00:00","dateModified":"2022-09-20T16:50:54+00:00","description":"Bienvenido a Furnas Azores House, un alojamiento local en las Azores que apuesta por la seguridad de sus vacaciones.","breadcrumb":{"@id":"https:\/\/furnasazoreshouse.com\/es\/covid-free-azores-alojamiento\/#breadcrumb"},"inLanguage":"es","potentialAction":[{"@type":"ReadAction","target":["https:\/\/furnasazoreshouse.com\/es\/covid-free-azores-alojamiento\/"]}]},{"@type":"BreadcrumbList","@id":"https:\/\/furnasazoreshouse.com\/es\/covid-free-azores-alojamiento\/#breadcrumb","itemListElement":[{"@type":"ListItem","position":1,"name":"In\u00edcio","item":"https:\/\/furnasazoreshouse.com\/es\/"},{"@type":"ListItem","position":2,"name":"Covid Free"}]},{"@type":"WebSite","@id":"https:\/\/furnasazoreshouse.com\/#website","url":"https:\/\/furnasazoreshouse.com\/","name":"Furnas Azores House","description":"A\u00e7ores","potentialAction":[{"@type":"SearchAction","target":{"@type":"EntryPoint","urlTemplate":"https:\/\/furnasazoreshouse.com\/?s={search_term_string}"},"query-input":"required name=search_term_string"}],"inLanguage":"es"}]}},"_links":{"self":[{"href":"https:\/\/furnasazoreshouse.com\/es\/wp-json\/wp\/v2\/pages\/6242"}],"collection":[{"href":"https:\/\/furnasazoreshouse.com\/es\/wp-json\/wp\/v2\/pages"}],"about":[{"href":"https:\/\/furnasazoreshouse.com\/es\/wp-json\/wp\/v2\/types\/page"}],"author":[{"embeddable":true,"href":"https:\/\/furnasazoreshouse.com\/es\/wp-json\/wp\/v2\/users\/1"}],"replies":[{"embeddable":true,"href":"https:\/\/furnasazoreshouse.com\/es\/wp-json\/wp\/v2\/comments?post=6242"}],"version-history":[{"count":5,"href":"https:\/\/furnasazoreshouse.com\/es\/wp-json\/wp\/v2\/pages\/6242\/revisions"}],"predecessor-version":[{"id":7046,"href":"https:\/\/furnasazoreshouse.com\/es\/wp-json\/wp\/v2\/pages\/6242\/revisions\/7046"}],"wp:attachment":[{"href":"https:\/\/furnasazoreshouse.com\/es\/wp-json\/wp\/v2\/media?parent=6242"}],"curies":[{"name":"wp","href":"https:\/\/api.w.org\/{rel}","templated":true}]}}