{"id":7653,"date":"2017-11-28T10:08:44","date_gmt":"2017-11-28T10:08:44","guid":{"rendered":"https:\/\/furnasazoreshouse.com\/covid-free-alojamento-local-nos-acores\/"},"modified":"2024-03-05T15:25:29","modified_gmt":"2024-03-05T15:25:29","slug":"covid-free-alloggi-locali-gratuiti-nelle-acores","status":"publish","type":"page","link":"https:\/\/furnasazoreshouse.com\/it\/covid-free-alloggi-locali-gratuiti-nelle-acores\/","title":{"rendered":"Covid Free"},"content":{"rendered":"<p>[vc_row row_content_width=&#8221;grid&#8221; css=&#8221;.vc_custom_1660314281735{margin-top: 5rem !important;}&#8221;][vc_column][vc_column_text]<div class=\"vc_row wpb_row vc_row-fluid vc_custom_1511863814566\">\n\t\t<div class=\"wpb_column vc_column_container vc_col-sm-10 vc_col-lg-offset-0 vc_col-lg-4 vc_col-md-offset-0 vc_col-md-4 vc_col-sm-offset-1\">\n\t\t\t  <div class=\"vc_column-inner\">\n\t\t\t\t <div class=\"wpb_wrapper\">\n\t\t\t\t\t<div class=\"eltd-elements-holder   eltd-one-column  eltd-responsive-mode-768 \">\n\t\t\t\t\t   <div class=\"eltd-eh-item    \" data-item-class=\"eltd-eh-custom-9378\" data-1280-1600=\"0 0 0 0\" data-1024-1280=\"0 0 0 0\" data-768-1024=\"0 5% 0 0\">\n\t\t\t\t\t\t  <div class=\"eltd-eh-item-inner\">\n\t\t\t\t\t\t\t <div class=\"eltd-eh-item-content eltd-eh-custom-9378\" style=\"padding: 0 15% 0 0\">\n\t\t\t\t\t\t\t\t<div class=\"eltd-iwt clearfix  eltd-iwt-icon-left eltd-iwt-icon-medium \">\n\t\t\t\t\t\t\t\t   <div class=\"eltd-iwt-icon\">\n\t\t\t\t\t\t\t\t\t  <a itemprop=\"url\" href=\"#\" target=\"_self\">\n\t\t\t\t\t\t\t\t\t  <span class=\"eltd-icon-shortcode eltd-normal   eltd-icon-medium\" data-color=\"#898989\">\n\t\t\t\t\t\t\t\t\t  <span aria-hidden=\"true\" class=\"eltd-icon-linear-icons lnr lnr-hourglass eltd-icon-element\" style=\"color: #898989;font-size:20px\"><\/span>            <\/span>\n\t\t\t\t\t\t\t\t\t  <\/a>\n\t\t\t\t\t\t\t\t   <\/div>\n\t\t\t\t\t\t\t\t   <div class=\"eltd-iwt-content\">\n\t\t\t\t\t\t\t\t\t  <h4 class=\"eltd-iwt-title\">\n\t\t\t\t\t\t\t\t\t\t <a itemprop=\"url\" href=\"#\" target=\"_self\">\n\t\t\t\t\t\t\t\t\t\t <span class=\"eltd-iwt-title-text\">Procedure nelle Strutture<\/span>\n\t\t\t\t\t\t\t\t\t\t <\/a>\n\t\t\t\t\t\t\t\t\t  <\/h4>\n\t\t\t\t\t\t\t\t\t  <div class=\"eltd-iwt-text\"><p>Garantire che i clienti siano a conoscenza e abbiano accesso al presente Protocollo interno relativo all&#8217;epidemia di coronavirus COVID-19.<\/p>\n<p>Fornire informazioni su come rispettare le precauzioni di base per la prevenzione e il controllo delle infezioni relative all\u2019epidemia di coronavirus COVID-19.<\/p>\n<\/div>\n\t\t\t\t\t\t\t\t   <\/div>\n\t\t\t\t\t\t\t\t<\/div>\n\t\t\t\t\t\t\t\t\n\t\t\t\t\t\t\t\t<div class=\"vc_empty_space\" style=\"height: 40px\"><span class=\"vc_empty_space_inner\"><\/span><\/div>\n\t\t\t\t\t\t\t <\/div>\n\t\t\t\t\t\t  <\/div>\n\t\t\t\t\t   <\/div>\n\t\t\t\t\t<\/div>\n\t\t\t\t <\/div>\n\t\t\t  <\/div>\n\t\t   <\/div><div class=\"wpb_column vc_column_container vc_col-sm-10 vc_col-lg-offset-0 vc_col-lg-4 vc_col-md-offset-0 vc_col-md-4 vc_col-sm-offset-1\">\n\t\t\t  <div class=\"vc_column-inner\">\n\t\t\t\t <div class=\"wpb_wrapper\">\n\t\t\t\t\t<div class=\"eltd-elements-holder   eltd-one-column  eltd-responsive-mode-768 \">\n\t\t\t\t\t   <div class=\"eltd-eh-item    \" data-item-class=\"eltd-eh-custom-9378\" data-1280-1600=\"0 0 0 0\" data-1024-1280=\"0 0 0 0\" data-768-1024=\"0 5% 0 0\">\n\t\t\t\t\t\t  <div class=\"eltd-eh-item-inner\">\n\t\t\t\t\t\t\t <div class=\"eltd-eh-item-content eltd-eh-custom-9378\" style=\"padding: 0 15% 0 0\">\n\t\t\t\t\t\t\t\t<div class=\"eltd-iwt clearfix  eltd-iwt-icon-left eltd-iwt-icon-medium \">\n\t\t\t\t\t\t\t\t   <div class=\"eltd-iwt-icon\">\n\t\t\t\t\t\t\t\t\t  <a itemprop=\"url\" href=\"#\" target=\"_self\">\n\t\t\t\t\t\t\t\t\t  <span class=\"eltd-icon-shortcode eltd-normal   eltd-icon-medium\" data-color=\"#898989\">\n\t\t\t\t\t\t\t\t\t  <span aria-hidden=\"true\" class=\"eltd-icon-linear-icons lnr lnr-calendar-full eltd-icon-element\" style=\"color: #898989;font-size:20px\"><\/span>            <\/span>\n\t\t\t\t\t\t\t\t\t  <\/a>\n\t\t\t\t\t\t\t\t   <\/div>\n\t\t\t\t\t\t\t\t   <div class=\"eltd-iwt-content\">\n\t\t\t\t\t\t\t\t\t  <h4 class=\"eltd-iwt-title\">\n\t\t\t\t\t\t\t\t\t\t <a itemprop=\"url\" href=\"#\" target=\"_self\">\n\t\t\t\t\t\t\t\t\t\t <span class=\"eltd-iwt-title-text\">Servizi igienico-sanitari<\/span>\n\t\t\t\t\t\t\t\t\t\t <\/a>\n\t\t\t\t\t\t\t\t\t  <\/h4>\n\t\t\t\t\t\t\t\t\t  <div class=\"eltd-iwt-text\"><p>Lavaggio e disinfezione, secondo questo protocollo interno, delle superfici in cui circolano dipendenti e clienti, garantendo il controllo e la prevenzione delle infezioni e della resistenza agli antimicrobici.<\/p>\n<p>Utilizzo del lavaggio a umido, invece del lavaggio a secco e dell&#8217;uso di un aspirapolvere.<\/p>\n<p>Il secchio e lo spazzolone per il pavimento sono solitamente riutilizzabili, quindi questa attrezzatura deve essere pulita e disinfettata alla fine di ogni utilizzo.<\/p>\n<p>Per il pavimento il lavaggio viene effettuato con acqua calda e comune detersivo, seguito dalla disinfezione con soluzione di candeggina diluita in acqua dopo il check-out.<\/p>\n<p>Nei servizi igienici il lavaggio viene effettuato preferibilmente con un prodotto che contenga detergente e disinfettante in quanto pi\u00f9 facile da applicare e disinfettare.<\/p>\n<p>Particolare attenzione al cambio della biancheria e alla pulizia delle camere, privilegiando due tempi di intervento distanziati (aerazione e pulizia) e con adeguate protezioni secondo il protocollo interno.<\/p>\n<p>La biancheria da letto e da bagno viene rimossa senza scuoterli o scuoterli, arrotolandoli dall&#8217;esterno verso l&#8217;interno, senza toccare il corpo e trasportandoli direttamente in lavatrice.<\/p>\n<p>Lavare separatamente in lavatrice ad alte temperature la biancheria da letto\/asciugamani (circa 60\u00baC).<\/p>\n<p>Lavare e disinfettare le fodere dei cuscini e i coprimaterassi ogni volta che il cliente cambia.<\/p>\n<p>Pulizia dei controlli della TV.<\/p>\n<\/div>\n\t\t\t\t\t\t\t\t   <\/div>\n\t\t\t\t\t\t\t\t<\/div>\n\t\t\t\t\t\t\t\t\n\t\t\t\t\t\t\t\t<div class=\"vc_empty_space\" style=\"height: 40px\"><span class=\"vc_empty_space_inner\"><\/span><\/div>\n\t\t\t\t\t\t\t <\/div>\n\t\t\t\t\t\t  <\/div>\n\t\t\t\t\t   <\/div>\n\t\t\t\t\t<\/div>\n\t\t\t\t <\/div>\n\t\t\t  <\/div>\n\t\t   <\/div><div class=\"wpb_column vc_column_container vc_col-sm-10 vc_col-lg-offset-0 vc_col-lg-4 vc_col-md-offset-0 vc_col-md-4 vc_col-sm-offset-1\">\n\t\t\t  <div class=\"vc_column-inner\">\n\t\t\t\t <div class=\"wpb_wrapper\">\n\t\t\t\t\t<div class=\"eltd-elements-holder   eltd-one-column  eltd-responsive-mode-768 \">\n\t\t\t\t\t   <div class=\"eltd-eh-item    \" data-item-class=\"eltd-eh-custom-9378\" data-1280-1600=\"0 0 0 0\" data-1024-1280=\"0 0 0 0\" data-768-1024=\"0 5% 0 0\">\n\t\t\t\t\t\t  <div class=\"eltd-eh-item-inner\">\n\t\t\t\t\t\t\t <div class=\"eltd-eh-item-content eltd-eh-custom-9378\" style=\"padding: 0 15% 0 0\">\n\t\t\t\t\t\t\t\t<div class=\"eltd-iwt clearfix  eltd-iwt-icon-left eltd-iwt-icon-medium \">\n\t\t\t\t\t\t\t\t   <div class=\"eltd-iwt-icon\">\n\t\t\t\t\t\t\t\t\t  <a itemprop=\"url\" href=\"#\" target=\"_self\">\n\t\t\t\t\t\t\t\t\t  <span class=\"eltd-icon-shortcode eltd-normal   eltd-icon-medium\" data-color=\"#898989\">\n\t\t\t\t\t\t\t\t\t  <span aria-hidden=\"true\" class=\"eltd-icon-linear-icons lnr lnr-sun eltd-icon-element\" style=\"color: #898989;font-size:20px\"><\/span>            <\/span>\n\t\t\t\t\t\t\t\t\t  <\/a>\n\t\t\t\t\t\t\t\t   <\/div>\n\t\t\t\t\t\t\t\t   <div class=\"eltd-iwt-content\">\n\t\t\t\t\t\t\t\t\t  <h4 class=\"eltd-iwt-title\">\n\t\t\t\t\t\t\t\t\t\t <a itemprop=\"url\" href=\"#\" target=\"_self\">\n\t\t\t\t\t\t\t\t\t\t <span class=\"eltd-iwt-title-text\">Piano di protezione individuale<\/span>\n\t\t\t\t\t\t\t\t\t\t <\/a>\n\t\t\t\t\t\t\t\t\t  <\/h4>\n\t\t\t\t\t\t\t\t\t  <div class=\"eltd-iwt-text\"><p>Evitare il contatto fisico (strette di mano, abbracci\u2026);<\/p>\n<p>Utilizzare gel alcolico o lavarsi le mani con acqua e sapone per almeno 20 secondi;<\/p>\n<p>Mantenere la distanza sociale: 2 metri per tutte le persone, 4 metri per pazienti o indagati;<\/p>\n<p>Evitare assembramenti di persone;<\/p>\n<p>\u00c8 considerato caso sospetto chiunque presenti sintomi di infezione da Coronavirus (febbre, tosse o difficolt\u00e0 respiratorie);<\/p>\n<p>\u00c8 fortemente consigliato indossare la maschera.<\/p>\n<\/div>\n\t\t\t\t\t\t\t\t   <\/div>\n\t\t\t\t\t\t\t\t<\/div>\n\t\t\t\t\t\t\t\t\n\t\t\t\t\t\t\t\t<div class=\"vc_empty_space\" style=\"height: 40px\"><span class=\"vc_empty_space_inner\"><\/span><\/div>\n\t\t\t\t\t\t\t <\/div>\n\t\t\t\t\t\t  <\/div>\n\t\t\t\t\t   <\/div>\n\t\t\t\t\t<\/div>\n\t\t\t\t <\/div>\n\t\t\t  <\/div>\n\t\t   <\/div><div class=\"wpb_column vc_column_container vc_col-sm-10 vc_col-lg-offset-0 vc_col-lg-4 vc_col-md-offset-0 vc_col-md-4 vc_col-sm-offset-1\">\n\t\t\t  <div class=\"vc_column-inner\">\n\t\t\t\t <div class=\"wpb_wrapper\">\n\t\t\t\t\t<div class=\"eltd-elements-holder   eltd-one-column  eltd-responsive-mode-768 \">\n\t\t\t\t\t   <div class=\"eltd-eh-item    \" data-item-class=\"eltd-eh-custom-9378\" data-1280-1600=\"0 0 0 0\" data-1024-1280=\"0 0 0 0\" data-768-1024=\"0 5% 0 0\">\n\t\t\t\t\t\t  <div class=\"eltd-eh-item-inner\">\n\t\t\t\t\t\t\t <div class=\"eltd-eh-item-content eltd-eh-custom-9378\" style=\"padding: 0 15% 0 0\">\n\t\t\t\t\t\t\t\t<div class=\"eltd-iwt clearfix  eltd-iwt-icon-left eltd-iwt-icon-medium \">\n\t\t\t\t\t\t\t\t   <div class=\"eltd-iwt-icon\">\n\t\t\t\t\t\t\t\t\t  <a itemprop=\"url\" href=\"#\" target=\"_self\">\n\t\t\t\t\t\t\t\t\t  <span class=\"eltd-icon-shortcode eltd-normal   eltd-icon-medium\" data-color=\"#898989\">\n\t\t\t\t\t\t\t\t\t  <span aria-hidden=\"true\" class=\"eltd-icon-linear-icons lnr lnr-leaf eltd-icon-element\" style=\"color: #898989;font-size:20px\"><\/span>            <\/span>\n\t\t\t\t\t\t\t\t\t  <\/a>\n\t\t\t\t\t\t\t\t   <\/div>\n\t\t\t\t\t\t\t\t   <div class=\"eltd-iwt-content\">\n\t\t\t\t\t\t\t\t\t  <h4 class=\"eltd-iwt-title\">\n\t\t\t\t\t\t\t\t\t\t <a itemprop=\"url\" href=\"#\" target=\"_self\">\n\t\t\t\t\t\t\t\t\t\t <span class=\"eltd-iwt-title-text\">Piano di tutela dell'ospite<\/span>\n\t\t\t\t\t\t\t\t\t\t <\/a>\n\t\t\t\t\t\t\t\t\t  <\/h4>\n\t\t\t\t\t\t\t\t\t  <div class=\"eltd-iwt-text\"><p>All&#8217;ingresso dell&#8217;alloggio sono presenti contenitori con gel alcolico. In cucina sono presenti prodotti per la pulizia e disinfettanti;<\/p>\n<p>Nei bagni \u00e8 presente sapone liquido e carta assorbente usa e getta;<\/p>\n<p>Le superfici di contatto nelle aree comuni vengono lavate e disinfettate con un prodotto contenente detergente e disinfettante;<\/p>\n<p>Dopo ogni check-out \u00e8 assicurata la corretta ventilazione della casa. Consigliamo agli ospiti di ventilare quotidianamente tutte le aree dell&#8217;alloggio;<\/p>\n<p>\u00c8 stato definito un luogo di isolamento dei casi sospetti o confermati: stanza ventilata, con accesso a un bagno e adeguatamente attrezzata.<\/p>\n<\/div>\n\t\t\t\t\t\t\t\t   <\/div>\n\t\t\t\t\t\t\t\t<\/div>\n\t\t\t\t\t\t\t\t\n\t\t\t\t\t\t\t\t<div class=\"vc_empty_space\" style=\"height: 40px\"><span class=\"vc_empty_space_inner\"><\/span><\/div>\n\t\t\t\t\t\t\t <\/div>\n\t\t\t\t\t\t  <\/div>\n\t\t\t\t\t   <\/div>\n\t\t\t\t\t<\/div>\n\t\t\t\t <\/div>\n\t\t\t  <\/div>\n\t\t   <\/div><div class=\"wpb_column vc_column_container vc_col-sm-10 vc_col-lg-offset-0 vc_col-lg-4 vc_col-md-offset-0 vc_col-md-4 vc_col-sm-offset-1\">\n\t\t\t  <div class=\"vc_column-inner\">\n\t\t\t\t <div class=\"wpb_wrapper\">\n\t\t\t\t\t<div class=\"eltd-elements-holder   eltd-one-column  eltd-responsive-mode-768 \">\n\t\t\t\t\t   <div class=\"eltd-eh-item    \" data-item-class=\"eltd-eh-custom-9378\" data-1280-1600=\"0 0 0 0\" data-1024-1280=\"0 0 0 0\" data-768-1024=\"0 5% 0 0\">\n\t\t\t\t\t\t  <div class=\"eltd-eh-item-inner\">\n\t\t\t\t\t\t\t <div class=\"eltd-eh-item-content eltd-eh-custom-9378\" style=\"padding: 0 15% 0 0\">\n\t\t\t\t\t\t\t\t<div class=\"eltd-iwt clearfix  eltd-iwt-icon-left eltd-iwt-icon-medium \">\n\t\t\t\t\t\t\t\t   <div class=\"eltd-iwt-icon\">\n\t\t\t\t\t\t\t\t\t  <a itemprop=\"url\" href=\"#\" target=\"_self\">\n\t\t\t\t\t\t\t\t\t  <span class=\"eltd-icon-shortcode eltd-normal   eltd-icon-medium\" data-color=\"#898989\">\n\t\t\t\t\t\t\t\t\t  <span aria-hidden=\"true\" class=\"eltd-icon-linear-icons lnr lnr-earth eltd-icon-element\" style=\"color: #898989;font-size:20px\"><\/span>            <\/span>\n\t\t\t\t\t\t\t\t\t  <\/a>\n\t\t\t\t\t\t\t\t   <\/div>\n\t\t\t\t\t\t\t\t   <div class=\"eltd-iwt-content\">\n\t\t\t\t\t\t\t\t\t  <h4 class=\"eltd-iwt-title\">\n\t\t\t\t\t\t\t\t\t\t <a itemprop=\"url\" href=\"#\" target=\"_self\">\n\t\t\t\t\t\t\t\t\t\t <span class=\"eltd-iwt-title-text\">Cosa fare in presenza di una persona malata o sospettata di essere malata di COVID-19<\/span>\n\t\t\t\t\t\t\t\t\t\t <\/a>\n\t\t\t\t\t\t\t\t\t  <\/h4>\n\t\t\t\t\t\t\t\t\t  <div class=\"eltd-iwt-text\"><p>Gli addetti alle pulizie devono attendere l&#8217;esito della diagnosi di laboratorio prima di iniziare qualsiasi procedura di rimozione e pulizia degli indumenti;<\/p>\n<p>Identificazione e tracciamento immediato di tutte le persone e dei luoghi utilizzati dall&#8217;indagato;<\/p>\n<p>Pulizia e disinfezione di tutte le aree di sospetto contatto.<\/p>\n<\/div>\n\t\t\t\t\t\t\t\t   <\/div>\n\t\t\t\t\t\t\t\t<\/div>\n\t\t\t\t\t\t\t\t\n\t\t\t\t\t\t\t\t<div class=\"vc_empty_space\" style=\"height: 40px\"><span class=\"vc_empty_space_inner\"><\/span><\/div>\n\t\t\t\t\t\t\t <\/div>\n\t\t\t\t\t\t  <\/div>\n\t\t\t\t\t   <\/div>\n\t\t\t\t\t<\/div>\n\t\t\t\t <\/div>\n\t\t\t  <\/div>\n\t\t   <\/div><div class=\"wpb_column vc_column_container vc_col-sm-10 vc_col-lg-offset-0 vc_col-lg-4 vc_col-md-offset-0 vc_col-md-4 vc_col-sm-offset-1\">\n\t\t\t  <div class=\"vc_column-inner\">\n\t\t\t\t <div class=\"wpb_wrapper\">\n\t\t\t\t\t<div class=\"eltd-elements-holder   eltd-one-column  eltd-responsive-mode-768 \">\n\t\t\t\t\t   <div class=\"eltd-eh-item    \" data-item-class=\"eltd-eh-custom-9378\" data-1280-1600=\"0 0 0 0\" data-1024-1280=\"0 0 0 0\" data-768-1024=\"0 5% 0 0\">\n\t\t\t\t\t\t  <div class=\"eltd-eh-item-inner\">\n\t\t\t\t\t\t\t <div class=\"eltd-eh-item-content eltd-eh-custom-9378\" style=\"padding: 0 15% 0 0\">\n\t\t\t\t\t\t\t\t<div class=\"eltd-iwt clearfix  eltd-iwt-icon-left eltd-iwt-icon-medium \">\n\t\t\t\t\t\t\t\t   <div class=\"eltd-iwt-icon\">\n\t\t\t\t\t\t\t\t\t  <a itemprop=\"url\" href=\"#\" target=\"_self\">\n\t\t\t\t\t\t\t\t\t  <span class=\"eltd-icon-shortcode eltd-normal   eltd-icon-medium\" data-color=\"#898989\">\n\t\t\t\t\t\t\t\t\t  <span aria-hidden=\"true\" class=\"eltd-icon-linear-icons lnr lnr-earth eltd-icon-element\" style=\"color: #898989;font-size:20px\"><\/span>            <\/span>\n\t\t\t\t\t\t\t\t\t  <\/a>\n\t\t\t\t\t\t\t\t   <\/div>\n\t\t\t\t\t\t\t\t   <div class=\"eltd-iwt-content\">\n\t\t\t\t\t\t\t\t\t  <h4 class=\"eltd-iwt-title\">\n\t\t\t\t\t\t\t\t\t\t <a itemprop=\"url\" href=\"#\" target=\"_self\">\n\t\t\t\t\t\t\t\t\t\t <span class=\"eltd-iwt-title-text\">Misure per il malato o sospetto malato<\/span>\n\t\t\t\t\t\t\t\t\t\t <\/a>\n\t\t\t\t\t\t\t\t\t  <\/h4>\n\t\t\t\t\t\t\t\t\t  <div class=\"eltd-iwt-text\"><p>Il paziente non lascer\u00e0 l&#8217;alloggio e dovr\u00e0 rimanere nella sua stanza e chiamare i proprietari (+351910042122) o (+351914161585) affinch\u00e9 possano contattare Linha Sa\u00fade A\u00e7ores (808 24 60 24), che valuter\u00e0 il caso e contatter\u00e0 la Localit\u00e0 Autorit\u00e0 sanitaria;<\/p>\n<p>Non recarsi in nessun caso in un centro sanitario, in uno studio privato o al pronto soccorso di un ospedale;<\/p>\n<p>Attendere istruzioni da parte degli operatori sanitari;<\/p>\n<p>Indossa una maschera chirurgica.<\/p>\n<\/div>\n\t\t\t\t\t\t\t\t   <\/div>\n\t\t\t\t\t\t\t\t<\/div>\n\t\t\t\t\t\t\t\t\n\t\t\t\t\t\t\t\t<div class=\"vc_empty_space\" style=\"height: 40px\"><span class=\"vc_empty_space_inner\"><\/span><\/div>\n\t\t\t\t\t\t\t <\/div>\n\t\t\t\t\t\t  <\/div>\n\t\t\t\t\t   <\/div>\n\t\t\t\t\t<\/div>\n\t\t\t\t <\/div>\n\t\t\t  <\/div>\n\t\t   <\/div>\n\t<\/div>[\/vc_column_text][\/vc_column][\/vc_row]<\/p>\n","protected":false},"excerpt":{"rendered":"<p>[vc_row row_content_width=&#8221;grid&#8221; css=&#8221;.vc_custom_1660314281735{margin-top: 5rem !important;}&#8221;][vc_column][vc_column_text][\/vc_column_text][\/vc_column][\/vc_row]<\/p>\n","protected":false},"author":1,"featured_media":0,"parent":0,"menu_order":0,"comment_status":"closed","ping_status":"closed","template":"full-width.php","meta":[],"yoast_head":"<!-- This site is optimized with the Yoast SEO plugin v19.5.1 - https:\/\/yoast.com\/wordpress\/plugins\/seo\/ -->\n<title>Alloggio locale alle Azzorre | Sicurezza durante il tuo soggiorno<\/title>\n<meta name=\"description\" content=\"Benvenuto a Furnas Azores House, una struttura ricettiva alle Azzorre che mette al primo posto la sicurezza delle tue vacanze. Visita il nostro sito web!\" \/>\n<meta name=\"robots\" content=\"index, follow, max-snippet:-1, max-image-preview:large, max-video-preview:-1\" \/>\n<link rel=\"canonical\" href=\"https:\/\/furnasazoreshouse.com\/it\/covid-free-alloggi-locali-gratuiti-nelle-acores\/\" \/>\n<meta property=\"og:locale\" content=\"it_IT\" \/>\n<meta property=\"og:type\" content=\"article\" \/>\n<meta property=\"og:title\" content=\"Alloggio locale alle Azzorre | Sicurezza durante il tuo soggiorno\" \/>\n<meta property=\"og:description\" content=\"Benvenuto a Furnas Azores House, una struttura ricettiva alle Azzorre che mette al primo posto la sicurezza delle tue vacanze. Visita il nostro sito web!\" \/>\n<meta property=\"og:url\" content=\"https:\/\/furnasazoreshouse.com\/it\/covid-free-alloggi-locali-gratuiti-nelle-acores\/\" \/>\n<meta property=\"og:site_name\" content=\"Furnas Azores House\" \/>\n<meta property=\"article:modified_time\" content=\"2024-03-05T15:25:29+00:00\" \/>\n<meta name=\"twitter:card\" content=\"summary_large_image\" \/>\n<script type=\"application\/ld+json\" class=\"yoast-schema-graph\">{\"@context\":\"https:\/\/schema.org\",\"@graph\":[{\"@type\":\"WebPage\",\"@id\":\"https:\/\/furnasazoreshouse.com\/it\/covid-free-alloggi-locali-gratuiti-nelle-acores\/\",\"url\":\"https:\/\/furnasazoreshouse.com\/it\/covid-free-alloggi-locali-gratuiti-nelle-acores\/\",\"name\":\"Alloggio locale alle Azzorre | Sicurezza durante il tuo soggiorno\",\"isPartOf\":{\"@id\":\"https:\/\/furnasazoreshouse.com\/#website\"},\"datePublished\":\"2017-11-28T10:08:44+00:00\",\"dateModified\":\"2024-03-05T15:25:29+00:00\",\"description\":\"Benvenuto a Furnas Azores House, una struttura ricettiva alle Azzorre che mette al primo posto la sicurezza delle tue vacanze. Visita il nostro sito web!\",\"breadcrumb\":{\"@id\":\"https:\/\/furnasazoreshouse.com\/it\/covid-free-alloggi-locali-gratuiti-nelle-acores\/#breadcrumb\"},\"inLanguage\":\"it-IT\",\"potentialAction\":[{\"@type\":\"ReadAction\",\"target\":[\"https:\/\/furnasazoreshouse.com\/it\/covid-free-alloggi-locali-gratuiti-nelle-acores\/\"]}]},{\"@type\":\"BreadcrumbList\",\"@id\":\"https:\/\/furnasazoreshouse.com\/it\/covid-free-alloggi-locali-gratuiti-nelle-acores\/#breadcrumb\",\"itemListElement\":[{\"@type\":\"ListItem\",\"position\":1,\"name\":\"In\u00edcio\",\"item\":\"https:\/\/furnasazoreshouse.com\/it\/\"},{\"@type\":\"ListItem\",\"position\":2,\"name\":\"Covid Free\"}]},{\"@type\":\"WebSite\",\"@id\":\"https:\/\/furnasazoreshouse.com\/#website\",\"url\":\"https:\/\/furnasazoreshouse.com\/\",\"name\":\"Furnas Azores House\",\"description\":\"A\u00e7ores\",\"potentialAction\":[{\"@type\":\"SearchAction\",\"target\":{\"@type\":\"EntryPoint\",\"urlTemplate\":\"https:\/\/furnasazoreshouse.com\/?s={search_term_string}\"},\"query-input\":\"required name=search_term_string\"}],\"inLanguage\":\"it-IT\"}]}<\/script>\n<!-- \/ Yoast SEO plugin. -->","yoast_head_json":{"title":"Alloggio locale alle Azzorre | Sicurezza durante il tuo soggiorno","description":"Benvenuto a Furnas Azores House, una struttura ricettiva alle Azzorre che mette al primo posto la sicurezza delle tue vacanze. Visita il nostro sito web!","robots":{"index":"index","follow":"follow","max-snippet":"max-snippet:-1","max-image-preview":"max-image-preview:large","max-video-preview":"max-video-preview:-1"},"canonical":"https:\/\/furnasazoreshouse.com\/it\/covid-free-alloggi-locali-gratuiti-nelle-acores\/","og_locale":"it_IT","og_type":"article","og_title":"Alloggio locale alle Azzorre | Sicurezza durante il tuo soggiorno","og_description":"Benvenuto a Furnas Azores House, una struttura ricettiva alle Azzorre che mette al primo posto la sicurezza delle tue vacanze. Visita il nostro sito web!","og_url":"https:\/\/furnasazoreshouse.com\/it\/covid-free-alloggi-locali-gratuiti-nelle-acores\/","og_site_name":"Furnas Azores House","article_modified_time":"2024-03-05T15:25:29+00:00","twitter_card":"summary_large_image","schema":{"@context":"https:\/\/schema.org","@graph":[{"@type":"WebPage","@id":"https:\/\/furnasazoreshouse.com\/it\/covid-free-alloggi-locali-gratuiti-nelle-acores\/","url":"https:\/\/furnasazoreshouse.com\/it\/covid-free-alloggi-locali-gratuiti-nelle-acores\/","name":"Alloggio locale alle Azzorre | Sicurezza durante il tuo soggiorno","isPartOf":{"@id":"https:\/\/furnasazoreshouse.com\/#website"},"datePublished":"2017-11-28T10:08:44+00:00","dateModified":"2024-03-05T15:25:29+00:00","description":"Benvenuto a Furnas Azores House, una struttura ricettiva alle Azzorre che mette al primo posto la sicurezza delle tue vacanze. Visita il nostro sito web!","breadcrumb":{"@id":"https:\/\/furnasazoreshouse.com\/it\/covid-free-alloggi-locali-gratuiti-nelle-acores\/#breadcrumb"},"inLanguage":"it-IT","potentialAction":[{"@type":"ReadAction","target":["https:\/\/furnasazoreshouse.com\/it\/covid-free-alloggi-locali-gratuiti-nelle-acores\/"]}]},{"@type":"BreadcrumbList","@id":"https:\/\/furnasazoreshouse.com\/it\/covid-free-alloggi-locali-gratuiti-nelle-acores\/#breadcrumb","itemListElement":[{"@type":"ListItem","position":1,"name":"In\u00edcio","item":"https:\/\/furnasazoreshouse.com\/it\/"},{"@type":"ListItem","position":2,"name":"Covid Free"}]},{"@type":"WebSite","@id":"https:\/\/furnasazoreshouse.com\/#website","url":"https:\/\/furnasazoreshouse.com\/","name":"Furnas Azores House","description":"A\u00e7ores","potentialAction":[{"@type":"SearchAction","target":{"@type":"EntryPoint","urlTemplate":"https:\/\/furnasazoreshouse.com\/?s={search_term_string}"},"query-input":"required name=search_term_string"}],"inLanguage":"it-IT"}]}},"_links":{"self":[{"href":"https:\/\/furnasazoreshouse.com\/it\/wp-json\/wp\/v2\/pages\/7653"}],"collection":[{"href":"https:\/\/furnasazoreshouse.com\/it\/wp-json\/wp\/v2\/pages"}],"about":[{"href":"https:\/\/furnasazoreshouse.com\/it\/wp-json\/wp\/v2\/types\/page"}],"author":[{"embeddable":true,"href":"https:\/\/furnasazoreshouse.com\/it\/wp-json\/wp\/v2\/users\/1"}],"replies":[{"embeddable":true,"href":"https:\/\/furnasazoreshouse.com\/it\/wp-json\/wp\/v2\/comments?post=7653"}],"version-history":[{"count":3,"href":"https:\/\/furnasazoreshouse.com\/it\/wp-json\/wp\/v2\/pages\/7653\/revisions"}],"predecessor-version":[{"id":7741,"href":"https:\/\/furnasazoreshouse.com\/it\/wp-json\/wp\/v2\/pages\/7653\/revisions\/7741"}],"wp:attachment":[{"href":"https:\/\/furnasazoreshouse.com\/it\/wp-json\/wp\/v2\/media?parent=7653"}],"curies":[{"name":"wp","href":"https:\/\/api.w.org\/{rel}","templated":true}]}}