{"id":7665,"date":"2022-05-31T00:37:36","date_gmt":"2022-05-31T00:37:36","guid":{"rendered":"https:\/\/furnasazoreshouse.com\/politica-de-privacidade\/"},"modified":"2024-03-05T17:51:35","modified_gmt":"2024-03-05T17:51:35","slug":"politica-sulla-riservatezza","status":"publish","type":"page","link":"https:\/\/furnasazoreshouse.com\/it\/politica-sulla-riservatezza\/","title":{"rendered":"Politica sulla Riservatezza"},"content":{"rendered":"<h3><strong>GDPR \u2013 Regime generale di protezione dei dati<\/strong><br \/>\nInformativa sulla privacy | Termini di utilizzo e utilizzo<\/h3>\n<p><strong>DICHIARAZIONE E CONSENSO ALLA PRIVACY POLICY<\/strong><\/p>\n<p>Accettando la presente Informativa sulla privacy, autorizzi la societ\u00e0 Fl\u00e1via Maria Vieira Correia Travassos (La Casa Furnas Azzorre), persona fisica numero 259774731, con sede in Rua do Rato 46, Matriz, 9600-508 Ribeira Grande, a trattare i tuoi dati personali presenti nel tuo modulo di registrazione, di cui confermi di essere titolare, nonch\u00e9 i dati relativi al tuo rapporto commerciale e contrattuale, e relativa gestione, in conformit\u00e0 alla presente Privacy Policy.<\/p>\n<p>Dichiara inoltre:<\/p>\n<p>1. di essere consapevole ed pienamente informato che il trattamento dei tuoi dati personali comprende tutte le operazioni effettuate sui dati da te trasmessi, con modalit\u00e0 automatizzate e non, per finalit\u00e0 di:<br \/>\n&#8211; migliorare il funzionamento e le funzionalit\u00e0 del sito web di Fl\u00e1via Maria Vieira Correia Travassos (The Furnas Azores House)\u00a0(anche nei casi in cui i tuoi dati saranno aggregati e trattati in modo statistico, senza essere identificabili da terze parti a cui vengono forniti) ;<br \/>\n&#8211; migliorare e personalizzare i servizi forniti all&#8217;utente;<br \/>\n&#8211; contattarti via e-mail, messaggi scritti o telefonicamente per &#8211; inviarti informazioni o aggiornamenti sulle tue transazioni e ordini, nonch\u00e9 informazioni su nuovi prodotti o servizi;<br \/>\n&#8211; interagire con te sulle piattaforme di social media;<br \/>\n2. accettare e acconsentire al libero utilizzo e riproduzione, da parte di Fl\u00e1via Maria Vieira Correia Travassos (The Furnas Azores House), dei suoi contenuti pubblicamente disponibili e\/o pubblicati su piattaforme di social media in cui \u00e8 stato esplicitamente e specificatamente fatto riferimento all&#8217;hashtag #furnasazoreshouse , i nostri marchi, prodotti o servizi;<\/p>\n<p>3. essere consapevole che, conformemente alla normativa applicabile, potrai opporti, limitare, rettificare o chiedere la cancellazione del trattamento dei tuoi dati per una o alcune delle finalit\u00e0 sopra descritte, inviando una richiesta al seguente indirizzo email: <a href=\"mailto:geral@furnasazoreshouse.com\">geral@furnasazoreshouse.com<\/a>, oltre ad avere il diritto di proporre reclamo alle autorit\u00e0 competenti;<\/p>\n<p>4. fornire questo consenso liberamente e volontariamente e avere almeno 16 anni.<\/p>\n<p>&nbsp;<\/p>\n<p><strong>POLITICA SULLA RISERVATEZZA<\/strong><\/p>\n<p>A Fl\u00e1via Maria Vieira Correia Travassos (La Casa Furnas Azzorre), consideriamo la tua privacy una questione seria. Ci impegniamo a massimizzare la tua esperienza con il nostro sito web e le piattaforme di social media, in un ambiente sicuro.<br \/>\n\u00c8 nostra politica trattare i tuoi dati personali con discrezione e proteggerli. La presente Informativa sulla privacy spiega come raccogliamo, proteggiamo, utilizziamo e condividiamo le informazioni su di te, online e offline, sperando di darti maggiore fiducia in Fl\u00e1via Maria Vieira Correia Travassos (La Casa di Furnas Azzorre) e migliorare la tua esperienza con noi. Tieni presente che la presente Informativa sulla privacy si applica solo alle informazioni raccolte da Fl\u00e1via Maria Vieira Correia Travassos (The Furnas Azores House) e non si estende alle informazioni che potresti aver inviato su altri siti Web o piattaforme sociali gestiti da altri enti o organizzazioni a cui possiamo fare riferimento tu a. La presente informativa sulla privacy riguarda solo questo sito web. Si prega di leggere attentamente i seguenti termini.<\/p>\n<p>&nbsp;<\/p>\n<p><strong>1. I tuoi dati<\/strong><\/p>\n<p>Fl\u00e1via Maria Vieira Correia Travassos (La Casa Furnas Azzorre)\u00a0si impegna a trattare i tuoi dati personali in conformit\u00e0 con il Regolamento Europeo (UE) 2016\/679 del Parlamento Europeo e del Consiglio, del 27 aprile 2016, relativo alla protezione delle persone fisiche con riguardo al trattamento dei dati personali e alla libera circolazione di tali dati e che abroga la direttiva 95\/46\/CE (regolamento generale sulla protezione dei dati).<br \/>\nQuesto sito non raccoglie informazioni personali su di te a meno che tu non le fornisca volontariamente. Ci\u00f2 significa che non conosceremo il tuo nome, indirizzo email o qualsiasi altra informazione personale solo perch\u00e9 navighi su questo sito web.<\/p>\n<p>Raccogliamo i tuoi dati solo quando compili un preventivo online o un modulo di richiesta di contatto. Potrebbe esserti chiesto di inserire il tuo nome, numero di telefono, indirizzo email e altre informazioni rilevanti.<\/p>\n<p>Tieni presente che, fornendoci informazioni personali su di te come descritto nella presente informativa sulla privacy, ci dai il tuo consenso a utilizzarle per gli scopi qui indicati.<\/p>\n<p>&nbsp;<\/p>\n<p><strong>2. Utilizzo dei tuoi dati<\/strong><\/p>\n<p>Tutti i dati che ci fornisci potranno essere utilizzati nei seguenti modi:<\/p>\n<ul>\n<li>personalizza la tua esperienza con noi<\/li>\n<li>migliorare il nostro sito web nei servizi e nelle risorse disponibili<\/li>\n<li>migliorare il nostro servizio clienti complessivo<\/li>\n<li>entrare in contatto con te<\/li>\n<li>gestire un concorso, una promozione, un sondaggio o altre funzionalit\u00e0<\/li>\n<\/ul>\n<p>I tuoi dati, pubblici o privati, non saranno venduti, scambiati, trasferiti o ceduti a nessun&#8217;altra societ\u00e0 al di fuori di Fl\u00e1via Maria Vieira Correia Travassos (Casa Furnas Azzorre), per nessun motivo, senza il tuo consenso.<\/p>\n<p>Possiamo utilizzare e fornire informazioni aggregate e statistiche a terzi per monitorare l&#8217;utilizzo del nostro sito Web al fine di aiutarci a sviluppare lo stesso e i nostri servizi. I dati utilizzati non devono includere informazioni che potrebbero essere utilizzate per identificare qualsiasi individuo.<\/p>\n<p>I dettagli di contatto forniti potranno essere utilizzati per inviare informazioni e aggiornamenti relativi ai tuoi ordini, oltre a ricevere aggiornamenti occasionali da Fl\u00e1via Maria Vieira Correia Travassos (The Furnas Azores House) e informazioni su prodotti o servizi correlati.<\/p>\n<p>Potremmo contattarti via e-mail o telefono per chiedere i tuoi commenti sui nostri prodotti e servizi.<\/p>\n<p>Nota: se in qualsiasi momento desideri annullare l&#8217;iscrizione alla ricezione di e-mail future, includeremo istruzioni dettagliate per annullare l&#8217;iscrizione nella parte inferiore di ciascuna e-mail.<br \/>\nFl\u00e1via Maria Vieira Correia Travassos (La Casa Furnas Azzorre) archivia i dati dei suoi utenti sui suoi server situati in Portogallo e Spagna. Questi server sono protetti e mantenuti secondo i pi\u00f9 alti standard di sicurezza e in modo da rispettare le leggi sulla privacy applicabili.<\/p>\n<p>&nbsp;<\/p>\n<p><strong>3. Protezione delle tue informazioni<\/strong><\/p>\n<p>Seguiamo gli standard del settore per proteggere i tuoi dati durante la trasmissione e, una volta ricevuti, implementiamo una serie di misure per mantenere la sicurezza dei dati personali che ci trasmetti.<\/p>\n<p>TUTTAVIA, DEVI ESSERE CONSAPEVOLE CHE NESSUN METODO DI TRASMISSIONE O MEMORIZZAZIONE ELETTRONICA \u00c8 SICURO AL 100%.<\/p>\n<p>PERTANTO, NELLA MISURA MASSIMA CONSENTITA DALLA LEGGE, NON POSSIAMO ESSERE RESPONSABILI PER EVENTUALI RECLAMI. PERDITE E DANNI, INCLUSE, SENZA LIMITAZIONE, PERDITE O DANNI DIRETTI, INDIRETTI, SPECIALI, PUNITIVI, ACCIDENTALI O CONSEQUENZIALI SUBITI DA TE O DA QUALSIASI UTENTE IN CONNESSIONE CON FRODI INFORMATICHE, RISCHI O QUALSIASI ALTRA VIOLAZIONE O CIRCOSTANZE IN CUI LE TUE INFORMAZIONI SONO ACCEDUTE O DIVULGATE SENZA NOSTRA ESPRESSA AUTORIZZAZIONE.<\/p>\n<p>&nbsp;<\/p>\n<p><strong>4. Biscotti<\/strong><\/p>\n<p>Un cookie \u00e8 un piccolo file di testo che, pur non raccogliendo informazioni personali che consentano di identificare l&#8217;utente, memorizza sul dispositivo di accesso (telefono cellulare, computer o altro) informazioni generali sulla sua navigazione che ne consentono un utilizzo successivo pi\u00f9 rapido. \u00e8 efficiente.<br \/>\nUn cookie, di per s\u00e9, non identifica personalmente alcun utente\/visitatore.<br \/>\nPossiamo utilizzare tecnologie come i &#8220;cookie&#8221; per registrare informazioni sulla sessione, raccogliere visite e dettagli di accesso alle nostre pagine web che ci consentono di continuare a migliorare i nostri servizi e fornire funzionalit\u00e0 migliori e pi\u00f9 utili agli utenti\/visitatori del nostro sito web.<\/p>\n<p>I cookie sono consigliati e hanno funzioni specifiche per consentire una navigazione migliore e pi\u00f9 personalizzata.<\/p>\n<p>L&#8217;esistenza dei cookie non pregiudica il funzionamento del tuo dispositivo e del suo sistema operativo. Oltre alle informazioni memorizzate nel cookie, per lo stesso scopo dei cookie vengono memorizzate anche informazioni nell\u2019area \u201carchiviazione locale\u201d del vostro browser.<\/p>\n<p>I cookie possono essere di diversi tipi: quelli che permettono di identificare l&#8217;utente e migliorare il funzionamento dei servizi sui siti web; quelli che migliorano le prestazioni del sito web analizzando come gli utenti lo utilizzano; quelli che consentono all&#8217;utente una navigazione pi\u00f9 personalizzata e quelli che raccolgono informazioni dall&#8217;utente sulle sue abitudini di navigazione in Internet in modo che la pubblicit\u00e0 che vede corrisponda ai suoi bisogni e interessi.<\/p>\n<p>Lo scopo principale dei nostri cookie \u00e8 migliorare la tua esperienza di navigazione poich\u00e9, tra gli altri scopi, ci aiuta a ricordare le tue preferenze. Queste informazioni ci consentono inoltre di migliorare il nostro sito web (ad esempio, facilitando l&#8217;analisi statistica del suo utilizzo). Tenendo conto di queste finalit\u00e0, i tuoi dati personali di natura sensibile non vengono memorizzati tramite i cookie. Le informazioni contenute nei nostri cookie vengono utilizzate solo da noi, ad eccezione di quelle relative a Google Analytics (gestito da Google).<\/p>\n<p>Tutti i browser consentono all&#8217;utente di accettare, rifiutare o eliminare i cookie, ovvero selezionando l&#8217;impostazione appropriata nel rispettivo browser, in modo che l&#8217;utente possa, in qualsiasi momento, disattivare parzialmente o completamente i cookie utilizzati sul nostro sito web.<\/p>\n<p>Se scegli di disabilitare i cookie, potresti non essere in grado di accedere ad alcune sezioni del nostro sito web, la tua navigazione diventer\u00e0 meno efficiente e potresti non beneficiare pi\u00f9 di alcune funzionalit\u00e0 o servizi.<\/p>\n<p>Nota: questo elenco potrebbe essere aggiornato in funzione di nuovi servizi e funzionalit\u00e0 presenti sul nostro sito con l&#8217;introduzione di nuovi cookie.<\/p>\n<p>&nbsp;<\/p>\n<p><strong>5. Come dovresti garantire la tua sicurezza<\/strong><\/p>\n<p>Per la tua privacy, ti consigliamo di non includere dati personali, particolarmente sensibili o confidenziali, nelle email che ci invii. Ti preghiamo di non inviarci via email numeri di carte di credito o informazioni personali sensibili.<\/p>\n<p>Non raccogliamo consapevolmente informazioni personali da minori. In qualit\u00e0 di genitore o tutore legale, non consentire ai tuoi figli di inviare informazioni personali senza la tua autorizzazione.<\/p>\n<p>NON SIAMO RESPONSABILI DEI DATI IDENTIFICATIVI O ALTRE INFORMAZIONI CHE SCEGLI DI INVIARE NEI FORUM COME AREA COMMENTO O IN QUALSIASI ALTRA AREA PUBBLICA ACCESSIBILE CHE AMMINISTRIAMO O GESTIAMO.<\/p>\n<p>&nbsp;<\/p>\n<p><strong>6. Divulgazione di informazioni a terzi<\/strong><\/p>\n<p>Non vendiamo, scambiamo o trasferiamo i tuoi dati personali identificabili a terzi. Ci\u00f2 non include terze parti fidate che ci aiutano a gestire il nostro sito Web, le applicazioni mobili, a condurre la nostra attivit\u00e0 o a fornire servizi ai nostri clienti, a condizione che tali parti accettino di mantenere riservate queste informazioni.<\/p>\n<p>Potremmo anche divulgare le tue informazioni quando riteniamo che il rilascio sia appropriato per rispettare la legge, far rispettare le politiche del nostro sito o proteggere i nostri diritti, propriet\u00e0 o sicurezza.<\/p>\n<p>Tuttavia, le informazioni sui visitatori non identificabili personalmente possono essere fornite ad altre parti per scopi di marketing, pubblicit\u00e0 o altri usi.<\/p>\n<p>&nbsp;<\/p>\n<p><strong>7. Collegamenti a terze parti<\/strong><\/p>\n<p>Tieni presente che, sebbene ti trovi su un sito Web gestito da noi, potresti anche essere inviato a collegamenti a siti Web di terzi. Di tanto in tanto, a nostra discrezione, potremmo includere o offrire servizi di terze parti sulle nostre piattaforme.<\/p>\n<p>Questi siti di terze parti hanno politiche sulla privacy separate e indipendenti. Queste politiche non sono gestite o controllate da noi, pertanto Fl\u00e1via Maria Vieira Correia Travassos (The Furnas Azores House) non si assume alcuna responsabilit\u00e0 per il contenuto e le attivit\u00e0 di questi siti Web.<\/p>\n<p>Tuttavia, cerchiamo di proteggere l&#8217;integrit\u00e0 del nostro sito Web e delle nostre piattaforme e ti invitiamo a contattarci se desideri fornirci un feedback su di essi. Ti consigliamo inoltre di leggere attentamente i termini e le condizioni e le politiche sulla privacy di questi siti Web collegati prima di inviare qualsiasi informazione o dato personale.<\/p>\n<p>&nbsp;<\/p>\n<p><strong>8. Il tuo consenso<\/strong><\/p>\n<p>Utilizzando il nostro sito Web e le nostre piattaforme, accetti la nostra Informativa sulla privacy.<\/p>\n<p>&nbsp;<\/p>\n<p><strong>9. Periodo di conservazione dei tuoi dati<\/strong><\/p>\n<p>\u00c8 importante notare che i dati personali che ci fornisci verranno conservati fino a quando non ne richiederai la rimozione.<\/p>\n<p>&nbsp;<\/p>\n<p><strong>10. Diritto d&#8217;autore<\/strong><\/p>\n<p>I video, i suoni, le immagini e tutte le informazioni presenti su questo sito Web non possono essere copiati, distribuiti, modificati o inseriti su piattaforme digitali, senza previa autorizzazione di Fl\u00e1via Maria Vieira Correia Travassos (Casa Furnas Azzorre).<\/p>\n<p>&nbsp;<\/p>\n<p><strong>11. I tuoi diritti<\/strong><\/p>\n<p>Poich\u00e9 vogliamo assicurarci che tu sia consapevole dei tuoi diritti e della legislazione applicabile, desideriamo informarti che:<\/p>\n<ul>\n<li>I tuoi dati personali appartengono a te. Pertanto, hai il diritto di accesso, rettifica, limitazione, cancellazione e opposizione al loro trattamento, nonch\u00e9 di ottenerli da Fl\u00e1via Maria Vieira Correia Travassos (Casa Furnas Azzorre).<\/li>\n<li>Faremo ogni sforzo per garantire che i tuoi dati personali siano mantenuti aggiornati e protetti in conformit\u00e0 con i migliori standard praticati dal settore.<\/li>\n<li>Hai il diritto di proporre reclamo all\u2019autorit\u00e0 competente per la protezione dei dati. In Portogallo, questa autorit\u00e0 \u00e8 la Commissione nazionale per la protezione dei dati (\u201cCNPD\u201d). Maggiori informazioni sulla CNPD possono essere ottenute tramite il sito web\u00a0<a href=\"http:\/\/cnpd.pt\" target=\"_blank\" rel=\"noopener\">cnpd.pt<\/a><\/li>\n<\/ul>\n<p>Per esercitare i diritti di accesso, rettifica, cancellazione, blocco o opposizione al trattamento dei dati personali forniti, ai sensi della legge n. 67\/98, del 26 ottobre, \u00e8 necessario inviare una richiesta a tal fine, tramite il seguente indirizzo di posta elettronica: <a href=\"mailto:geral@furnasazoreshouse.com\">geral@furnasazoreshouse.com<\/a><\/p>\n<p>&nbsp;<\/p>\n<p><strong>12. Legge applicabile<\/strong><\/p>\n<p>Le presenti Condizioni d&#8217;Uso sono regolate e redatte in conformit\u00e0 alla normativa vigente. Qualsiasi conflitto o divergenza di interpretazione sar\u00e0 sottoposto al Tribunale competente.<\/p>\n<p>&nbsp;<\/p>\n<p><strong>13. Modifiche alla nostra Informativa sulla privacy<\/strong><\/p>\n<p>Ci riserviamo il diritto di aggiornare, modificare o eliminare la presente Informativa sulla privacy e qualsiasi termine in essa contenuto senza alcun successivo consenso. Prenderemo nota di eventuali modifiche sul nostro sito web nonch\u00e9 tramite comunicazione alle modalit\u00e0 di contatto indicate. L&#8217;uso continuato del nostro sito Web, delle applicazioni, dei servizi e delle risorse offerti dopo tale comunicazione costituir\u00e0 il tuo consenso a tali modifiche.<\/p>\n<p>La versione attuale \u00e8 stata pubblicata il 23\/02\/2022.<\/p>\n<p>&nbsp;<\/p>\n<p><strong>14. Contattaci<\/strong><\/p>\n<p>Se avete domande sulla presente Informativa sulla privacy o se desiderate esercitare uno qualsiasi dei vostri diritti di cui sopra, vi preghiamo di contattarci tramite:<\/p>\n<p>Telefono: +351 910 042 122<\/p>\n<p>E-mail: <a href=\"mailto:geral@furnasazoreshouse.com\">geral@furnasazoreshouse.com<\/a><\/p>\n","protected":false},"excerpt":{"rendered":"<p>GDPR \u2013 Regime generale di protezione dei dati Informativa sulla privacy | Termini di utilizzo e utilizzo DICHIARAZIONE E CONSENSO ALLA PRIVACY POLICY Accettando la presente Informativa sulla privacy, autorizzi la societ\u00e0 Fl\u00e1via Maria Vieira Correia Travassos (La Casa Furnas [&hellip;]<\/p>\n","protected":false},"author":1,"featured_media":0,"parent":0,"menu_order":0,"comment_status":"closed","ping_status":"closed","template":"","meta":[],"yoast_head":"<!-- This site is optimized with the Yoast SEO plugin v19.5.1 - https:\/\/yoast.com\/wordpress\/plugins\/seo\/ -->\n<title>Politica sulla Riservatezza - Furnas Azores House<\/title>\n<meta name=\"description\" content=\"Por favor, leia a nossa pol\u00edtica de privacidade antes de utilizar o nosso website. Aqui, respeitamos a sua presen\u00e7a no website.\" \/>\n<meta name=\"robots\" content=\"index, follow, max-snippet:-1, max-image-preview:large, max-video-preview:-1\" \/>\n<link rel=\"canonical\" href=\"https:\/\/furnasazoreshouse.com\/it\/politica-sulla-riservatezza\/\" \/>\n<meta property=\"og:locale\" content=\"it_IT\" \/>\n<meta property=\"og:type\" content=\"article\" \/>\n<meta property=\"og:title\" content=\"Politica sulla Riservatezza - Furnas Azores House\" \/>\n<meta property=\"og:description\" content=\"Por favor, leia a nossa pol\u00edtica de privacidade antes de utilizar o nosso website. Aqui, respeitamos a sua presen\u00e7a no website.\" \/>\n<meta property=\"og:url\" content=\"https:\/\/furnasazoreshouse.com\/it\/politica-sulla-riservatezza\/\" \/>\n<meta property=\"og:site_name\" content=\"Furnas Azores House\" \/>\n<meta property=\"article:modified_time\" content=\"2024-03-05T17:51:35+00:00\" \/>\n<meta name=\"twitter:card\" content=\"summary_large_image\" \/>\n<meta name=\"twitter:label1\" content=\"Est. reading time\" \/>\n\t<meta name=\"twitter:data1\" content=\"13 minuti\" \/>\n<script type=\"application\/ld+json\" class=\"yoast-schema-graph\">{\"@context\":\"https:\/\/schema.org\",\"@graph\":[{\"@type\":\"WebPage\",\"@id\":\"https:\/\/furnasazoreshouse.com\/it\/politica-sulla-riservatezza\/\",\"url\":\"https:\/\/furnasazoreshouse.com\/it\/politica-sulla-riservatezza\/\",\"name\":\"Politica sulla Riservatezza - Furnas Azores House\",\"isPartOf\":{\"@id\":\"https:\/\/furnasazoreshouse.com\/#website\"},\"datePublished\":\"2022-05-31T00:37:36+00:00\",\"dateModified\":\"2024-03-05T17:51:35+00:00\",\"description\":\"Por favor, leia a nossa pol\u00edtica de privacidade antes de utilizar o nosso website. Aqui, respeitamos a sua presen\u00e7a no website.\",\"breadcrumb\":{\"@id\":\"https:\/\/furnasazoreshouse.com\/it\/politica-sulla-riservatezza\/#breadcrumb\"},\"inLanguage\":\"it-IT\",\"potentialAction\":[{\"@type\":\"ReadAction\",\"target\":[\"https:\/\/furnasazoreshouse.com\/it\/politica-sulla-riservatezza\/\"]}]},{\"@type\":\"BreadcrumbList\",\"@id\":\"https:\/\/furnasazoreshouse.com\/it\/politica-sulla-riservatezza\/#breadcrumb\",\"itemListElement\":[{\"@type\":\"ListItem\",\"position\":1,\"name\":\"In\u00edcio\",\"item\":\"https:\/\/furnasazoreshouse.com\/it\/\"},{\"@type\":\"ListItem\",\"position\":2,\"name\":\"Politica sulla Riservatezza\"}]},{\"@type\":\"WebSite\",\"@id\":\"https:\/\/furnasazoreshouse.com\/#website\",\"url\":\"https:\/\/furnasazoreshouse.com\/\",\"name\":\"Furnas Azores House\",\"description\":\"A\u00e7ores\",\"potentialAction\":[{\"@type\":\"SearchAction\",\"target\":{\"@type\":\"EntryPoint\",\"urlTemplate\":\"https:\/\/furnasazoreshouse.com\/?s={search_term_string}\"},\"query-input\":\"required name=search_term_string\"}],\"inLanguage\":\"it-IT\"}]}<\/script>\n<!-- \/ Yoast SEO plugin. -->","yoast_head_json":{"title":"Politica sulla Riservatezza - Furnas Azores House","description":"Por favor, leia a nossa pol\u00edtica de privacidade antes de utilizar o nosso website. Aqui, respeitamos a sua presen\u00e7a no website.","robots":{"index":"index","follow":"follow","max-snippet":"max-snippet:-1","max-image-preview":"max-image-preview:large","max-video-preview":"max-video-preview:-1"},"canonical":"https:\/\/furnasazoreshouse.com\/it\/politica-sulla-riservatezza\/","og_locale":"it_IT","og_type":"article","og_title":"Politica sulla Riservatezza - Furnas Azores House","og_description":"Por favor, leia a nossa pol\u00edtica de privacidade antes de utilizar o nosso website. Aqui, respeitamos a sua presen\u00e7a no website.","og_url":"https:\/\/furnasazoreshouse.com\/it\/politica-sulla-riservatezza\/","og_site_name":"Furnas Azores House","article_modified_time":"2024-03-05T17:51:35+00:00","twitter_card":"summary_large_image","twitter_misc":{"Est. reading time":"13 minuti"},"schema":{"@context":"https:\/\/schema.org","@graph":[{"@type":"WebPage","@id":"https:\/\/furnasazoreshouse.com\/it\/politica-sulla-riservatezza\/","url":"https:\/\/furnasazoreshouse.com\/it\/politica-sulla-riservatezza\/","name":"Politica sulla Riservatezza - Furnas Azores House","isPartOf":{"@id":"https:\/\/furnasazoreshouse.com\/#website"},"datePublished":"2022-05-31T00:37:36+00:00","dateModified":"2024-03-05T17:51:35+00:00","description":"Por favor, leia a nossa pol\u00edtica de privacidade antes de utilizar o nosso website. Aqui, respeitamos a sua presen\u00e7a no website.","breadcrumb":{"@id":"https:\/\/furnasazoreshouse.com\/it\/politica-sulla-riservatezza\/#breadcrumb"},"inLanguage":"it-IT","potentialAction":[{"@type":"ReadAction","target":["https:\/\/furnasazoreshouse.com\/it\/politica-sulla-riservatezza\/"]}]},{"@type":"BreadcrumbList","@id":"https:\/\/furnasazoreshouse.com\/it\/politica-sulla-riservatezza\/#breadcrumb","itemListElement":[{"@type":"ListItem","position":1,"name":"In\u00edcio","item":"https:\/\/furnasazoreshouse.com\/it\/"},{"@type":"ListItem","position":2,"name":"Politica sulla Riservatezza"}]},{"@type":"WebSite","@id":"https:\/\/furnasazoreshouse.com\/#website","url":"https:\/\/furnasazoreshouse.com\/","name":"Furnas Azores House","description":"A\u00e7ores","potentialAction":[{"@type":"SearchAction","target":{"@type":"EntryPoint","urlTemplate":"https:\/\/furnasazoreshouse.com\/?s={search_term_string}"},"query-input":"required name=search_term_string"}],"inLanguage":"it-IT"}]}},"_links":{"self":[{"href":"https:\/\/furnasazoreshouse.com\/it\/wp-json\/wp\/v2\/pages\/7665"}],"collection":[{"href":"https:\/\/furnasazoreshouse.com\/it\/wp-json\/wp\/v2\/pages"}],"about":[{"href":"https:\/\/furnasazoreshouse.com\/it\/wp-json\/wp\/v2\/types\/page"}],"author":[{"embeddable":true,"href":"https:\/\/furnasazoreshouse.com\/it\/wp-json\/wp\/v2\/users\/1"}],"replies":[{"embeddable":true,"href":"https:\/\/furnasazoreshouse.com\/it\/wp-json\/wp\/v2\/comments?post=7665"}],"version-history":[{"count":4,"href":"https:\/\/furnasazoreshouse.com\/it\/wp-json\/wp\/v2\/pages\/7665\/revisions"}],"predecessor-version":[{"id":7749,"href":"https:\/\/furnasazoreshouse.com\/it\/wp-json\/wp\/v2\/pages\/7665\/revisions\/7749"}],"wp:attachment":[{"href":"https:\/\/furnasazoreshouse.com\/it\/wp-json\/wp\/v2\/media?parent=7665"}],"curies":[{"name":"wp","href":"https:\/\/api.w.org\/{rel}","templated":true}]}}