{"id":7671,"date":"2022-05-31T00:37:06","date_gmt":"2022-05-31T00:37:06","guid":{"rendered":"https:\/\/furnasazoreshouse.com\/termos-e-condicoes\/"},"modified":"2024-03-05T18:24:00","modified_gmt":"2024-03-05T18:24:00","slug":"termini-e-condizioni","status":"publish","type":"page","link":"https:\/\/furnasazoreshouse.com\/it\/termini-e-condizioni\/","title":{"rendered":"Termini e Condizioni"},"content":{"rendered":"<p><strong>TERMINI E CONDIZIONI<\/strong><\/p>\n<p><strong>1. Condizioni Generali<\/strong><\/p>\n<p>1.1. La societ\u00e0 Fl\u00e1via Maria Vieira Correia Travassos (La Casa Furnas Azzorre), con sede in Rua do Rato 46, Matriz, 9600-508 Ribeira Grande, persona fisica n. 259774731, \u00e8 responsabile del sito web <a href=\"http:\/\/www.furnasazoreshouse.com\" target=\"_blank\" rel=\"noopener\">www.furnasazoreshouse.com<\/a> (di seguito \u201csito web\u201d \u201d).<\/p>\n<p>1.2. L&#8217;utente dichiara di accettare e agire in conformit\u00e0 con i Termini e Condizioni d&#8217;uso qui descritti, nonch\u00e9 con tutte le future modifiche, utilizzando il servizio fornito da Fl\u00e1via Maria Vieira Correia Travassos (La Casa Furnas Azzorre) su questo sito web.<\/p>\n<p>1.3 Nei termini e nelle condizioni qui menzionati, ogni volta che vengono utilizzati i termini &#8220;noi&#8221; o &#8220;nostro&#8221;, ci riferiamo a Fl\u00e1via Maria Vieira Correia Travassos (The Furnas Azores House) \u00a0\u00a0O <a href=\"http:\/\/www.furnasazoreshouse.com\" target=\"_blank\" rel=\"noopener\">www.furnasazoreshouse.com<\/a>. Ogni volta che utilizziamo &#8220;tu&#8221; o &#8220;tuo&#8221;, ci riferiamo a chiunque utilizzi <a href=\"http:\/\/www.furnasazoreshouse.com\" target=\"_blank\" rel=\"noopener\">www.furnasazoreshouse.com<\/a>.<\/p>\n<p>1.4. Accedendo e utilizzando questo sito web sei soggetto ai seguenti Termini e Condizioni, nonch\u00e9 alla nostra Informativa sulla Privacy. Navigando sul sito l&#8217;utente si impegna a rispettare i presenti Termini e Condizioni e l&#8217;Informativa sulla Privacy. Se non \u00e8 d&#8217;accordo con il suo contenuto, l&#8217;utente non \u00e8 autorizzato ad accedere e utilizzare il sito web e deve interromperne immediatamente l&#8217;accesso e\/o l&#8217;utilizzo.<\/p>\n<p>1.5. Il cliente \u00e8 tenuto a leggere attentamente i Termini e Condizioni ogni volta che accede al sito web.<\/p>\n<p>1.6. Se violi uno qualsiasi dei termini contenuti nel presente documento, il tuo diritto di accedere e utilizzare questo sito web cesser\u00e0 immediatamente.<\/p>\n<p>1.7. Il contenuto di questo sito web \u00e8 protetto da copyright ed \u00e8 di propriet\u00e0 di Fl\u00e1via Maria Vieira Correia Travassos (Casa Furnas Azzorre). Non \u00e8 consentito utilizzarlo in alcun modo senza il nostro consenso.<\/p>\n<p>&nbsp;<\/p>\n<p><strong>2. Bilancio<\/strong><\/p>\n<p>2.1. Qualsiasi preventivo inviato \u00e8 valido per 30 giorni, a partire dalla data di invio, e pu\u00f2 essere soggetto a revisione dopo questo periodo.<\/p>\n<p>2.2. In caso di errore nel budget inviato, Fl\u00e1via Maria Vieira Correia Travassos (La Casa Furnas Azzorre) si riserva il diritto, durante la sua validit\u00e0 (30 giorni), di rettificarlo.<\/p>\n<p>2.3. Qualsiasi modifica su richiesta del cliente, servizio o spesa che non fosse espressa nel budget iniziale comporter\u00e0 un costo aggiuntivo.<\/p>\n<p>&nbsp;<\/p>\n<p><strong>3. Diritto d&#8217;autore, Propriet\u00e0 e Diritto d&#8217;autore<\/strong><\/p>\n<p>3.1. Tutti i contenuti di questo sito web, che comprendono testi, design, illustrazioni, loghi, video, audio, fotografie e altri elementi, sono protetti dalla legge, ai sensi del Codice del diritto d&#8217;autore e dei diritti connessi. Non \u00e8 consentito visualizzare, riprodurre, distribuire, modificare, trasmettere o utilizzare in alcun modo i contenuti, per qualsiasi scopo pubblico o commerciale, senza il nostro previo consenso espresso scritto.<\/p>\n<p>3.2. I contenuti di questo sito web sono protetti da diritto d&#8217;autore e diritti connessi, diritti di propriet\u00e0 industriale, dalla legge sulla criminalit\u00e0 informatica e sono di propriet\u00e0 di Fl\u00e1via Maria Vieira Correia Travassos (La Casa Furnas Azzorre).<\/p>\n<p>3.3. Il diritto d&#8217;autore sull&#8217;Opera sar\u00e0 di propriet\u00e0 solo del cliente, una volta finalizzato, approvato e pagato per intero.<\/p>\n<p>3.4. Ci riserviamo il diritto di non fornire al cliente file modificabili, caratteri o altri strumenti e software necessari per produrre il lavoro.<\/p>\n<p>3.5. Fl\u00e1via Maria Vieira Correia Travassos (La Casa di Furnas Azzorre) si riserva il diritto di intraprendere azioni legali contro gli autori di qualsiasi copia, riproduzione, diffusione o sfruttamento commerciale non autorizzato di testi, design, illustrazioni, loghi, video, audio, fotografie e altri elementi, che non sono stati oggetto di trasferimento di propriet\u00e0 al cliente.<\/p>\n<p>3.6. Il cliente \u00e8 responsabile di garantire che i materiali forniti per realizzare il lavoro non violino alcun diritto d&#8217;autore o diritto di propriet\u00e0 industriale di terzi e di eventuali danni causati a Fl\u00e1via Maria Vieira Correia Travassos (La Casa Furnas Azzorre), a causa dell&#8217;uso improprio dello stesso.<\/p>\n<p>&nbsp;<\/p>\n<p><strong>4. Risoluzione delle controversie online<\/strong><\/p>\n<p>L\u2019Unione Europea ha creato un sito web per aiutare i consumatori a presentare reclami in merito a qualsiasi controversia in cui siano coinvolti. In questo contesto, Fl\u00e1via Maria Vieira Correia Travassos (La Casa di Furnas Azzorre) fornisce tutte le informazioni affinch\u00e9 tu possa esercitare il tuo diritto di reclamo presso un organismo ufficiale, terzo e imparziale rispetto al processo, (&#8220;organismo di risoluzione delle controversie&#8221;) che si occuper\u00e0 aiutarti a risolvere la controversia in questione.<\/p>\n<p>Pertanto, se non sei soddisfatto dell&#8217;acquisto di un bene o servizio sul nostro sito, o della soluzione che abbiamo presentato per risolvere la situazione, puoi accedere a questo sito ufficiale <a href=\"https:\/\/ec.europa.eu\/consumers\/odr\/main \/index.cfm?event=main.home2.show&amp;lng=PT\" target=\"_blank\" rel=\"noopener\">https:\/\/ec.europa.eu\/consumers\/odr\/main \/index.cfm?event=main.home2.show&amp;lng=PT<\/a> e presenta la tua obiezione.<\/p>\n<p>4.1. Che cos&#8217;\u00e8 la risoluzione alternativa delle controversie?<\/p>\n<p>La risoluzione alternativa delle controversie \u00e8 la possibilit\u00e0 che tutti i consumatori hanno a disposizione di ricorrere a organismi ufficiali che li aiutino a risolvere o indirizzare un conflitto, prima di avviare un contenzioso nei tribunali.<\/p>\n<p>In generale, la procedura \u00e8 la seguente: il cliente chiede a un terzo imparziale di fungere da intermediario tra lui e il commerciante destinatario del suo reclamo. L&#8217;intermediario pu\u00f2 suggerire una soluzione al reclamo, imporre una soluzione a entrambe le parti o riunire le parti per trovare una soluzione.<\/p>\n<p>Forse conosci il concetto di risoluzione alternativa delle controversie con un altro nome: &#8220;mediazione&#8221;, &#8220;conciliazione&#8221;, &#8220;arbitrato&#8221; o &#8220;comitato responsabile delle controversie dei consumatori&#8221;.<\/p>\n<p>La risoluzione alternativa delle controversie \u00e8, di norma, meno costosa, meno formale e pi\u00f9 rapida rispetto alla via giudiziale.<\/p>\n<p>Suggerimenti per gli organismi di risoluzione alternativa delle controversie:<\/p>\n<p>CNIACC \u2013 Centro Nacional de Informa\u00e7\u00e3o e Arbitragem de Conflitos de Consumo<\/p>\n<p><a href=\"http:\/\/www.arbitragemdeconsumo.org\/\" target=\"_blank\" rel=\"noopener\">http:\/\/www.arbitragemdeconsumo.org\/<\/a><\/p>\n<p>Centro de Arbitragem de Conflitos de Consumo de Lisboa<\/p>\n<p><a href=\"http:\/\/www.centroarbitragemlisboa.pt\/\" target=\"_blank\" rel=\"noopener\">http:\/\/www.centroarbitragemlisboa.pt\/<\/a><\/p>\n<p>Centro de Arbitragem de Conflitos de Consumo do Vale do Ave\/Tribunal Arbitral<\/p>\n<p><a href=\"http:\/\/www.triave.pt\" target=\"_blank\" rel=\"noopener\">www.triave.pt<\/a><\/p>\n<p>CIAB \u2013 Centro de Informa\u00e7\u00e3o, Media\u00e7\u00e3o e Arbitragem de Consumo (Tribunal Arbitral de Consumo)<\/p>\n<p><a href=\"http:\/\/www.ciab.pt\/pt\/\" target=\"_blank\" rel=\"noopener\">http:\/\/www.ciab.pt\/pt\/<\/a><\/p>\n<p>CIMPAS \u2013 Centro de Informa\u00e7\u00e3o, Media\u00e7\u00e3o e Provedoria de Seguros<\/p>\n<p><a href=\"https:\/\/www.cimpas.pt\/\" target=\"_blank\" rel=\"noopener\">https:\/\/www.cimpas.pt\/<\/a><\/p>\n<p>&nbsp;<\/p>\n<p><strong>5. Uso consentito\/Attivit\u00e0 vietate<\/strong><\/p>\n<p>L&#8217;accesso e l&#8217;uso di questo sito web \u00e8 consentito solo per scopi personali e non commerciali, ovvero l&#8217;accesso e l&#8217;utilizzo del sito web deve essere consentito solo a privati \u200b\u200bo ad un&#8217;azienda che intenda acquistare i nostri servizi\/prodotti o un&#8217;azienda per loro conto.<\/p>\n<p>Qualsiasi attivit\u00e0 da noi considerata inappropriata e\/o potenzialmente illegale ai sensi della legislazione applicabile a questo sito Web \u00e8 vietata, incluso, ma non limitato a:<\/p>\n<p>5.1. Ferire, abusare, diffamare, minacciare o molestare un&#8217;altra persona o azienda, o in un modo che invade la privacy di un altro, o \u00e8 osceno, offensivo, odioso, indecente, inappropriato, discutibile, inaccettabile, discriminatorio o dannoso.<\/p>\n<p>5.2. Azioni che potrebbero costituire una violazione della privacy, come l&#8217;invio di informazioni private a questo sito Web senza il consenso della persona interessata o qualsiasi altro diritto legale delle persone fisiche.<\/p>\n<p>5.3. Inviare file a questo sito Web che contengano virus che potrebbero causare danni alla propriet\u00e0 di Fl\u00e1via Maria Vieira Correia Travassos (La Casa Furnas Azzorre) o alla propriet\u00e0 di privati \u200b\u200bo modificare o decodificare qualsiasi parte del sito Web.<\/p>\n<p>5.4. Utilizzare qualsiasi tipo di codice computerizzato automatico, processo, programma, robot, crawler Internet, spider, elaboratore di dati, trascinamento o raschiamento dello schermo alternativo al codice, processo, programma o sistema del computer.<\/p>\n<p>5.5. \u00c8 espressamente vietato l&#8217;utilizzo del sito web per scopi illegali o per qualsiasi altro scopo che possa essere considerato indegno della nostra immagine. Sono penalmente perseguibili l\u2019usurpazione, la contraffazione, lo sfruttamento di contenuti usurpati o contraffatti, l\u2019identificazione illegittima e la concorrenza sleale.<\/p>\n<p>&nbsp;<\/p>\n<p><strong>6. Contenuti e Garanzie<\/strong><\/p>\n<p>6.1. Le informazioni contenute in questo sito Web sono state incluse in buona fede e sono solo a scopo informativo generale e il loro utilizzo \u00e8 ad esclusivo rischio dell&#8217;utente.<\/p>\n<p>6.2. Questo sito web e i suoi contenuti sono forniti senza garanzie di alcun tipo, ovvero non viene fornita alcuna garanzia che l&#8217;accesso a questo sito web sar\u00e0 ininterrotto o privo di errori, privo di virus o altro materiale dannoso, o che le informazioni contenute in questo sito web siano completo, accurato o tempestivo.<\/p>\n<p>6.3. Fl\u00e1via Maria Vieira Correia Travassos (La Casa Furnas Azzorre) si riserva il diritto di apportare modifiche e correzioni, sospendere o chiudere il sito web quando ritenuto opportuno e senza necessit\u00e0 di preavviso.<\/p>\n<p>6.4. Fl\u00e1via Maria Vieira Correia Travassos (La Casa Furnas Azzorre) non filtra n\u00e9 monitora preventivamente il contenuto trasmesso a questo sito da terzi e non \u00e8 responsabile del filtraggio o del monitoraggio di qualsiasi contenuto di questo tipo.<\/p>\n<p>6.5. Se notificato, Fl\u00e1via Maria Vieira Correia Travassos (La Casa di Furnas Azzorre) pu\u00f2 indagare su un&#8217;accusa secondo cui il contenuto trasmesso a questo sito Web viola i Termini e condizioni e pu\u00f2 determinare se rimuovere le informazioni da questo sito Web.<\/p>\n<p>6.6. Fl\u00e1via Maria Vieira Correia Travassos (La Casa Furnas Azzorre) non si assume alcuna responsabilit\u00e0 per qualsiasi azione o contenuto trasmesso da o tra l&#8217;utente o terze parti all&#8217;interno o all&#8217;esterno di questo sito Web.<\/p>\n<p>&nbsp;<\/p>\n<p><strong>7. Responsabilit\u00e0, Utilizzo e Rischio<\/strong><\/p>\n<p>7.1. Il modo in cui utilizzi questo sito Web e i contenuti in esso contenuti \u00e8 esclusivamente a tuo rischio.<\/p>\n<p>7.2. Fl\u00e1via Maria Vieira Correia Travassos (La Casa di Furnas Azzorre) e tutti i suoi tutori legali, direttori, dipendenti e agenti, nonch\u00e9 qualsiasi altra parte coinvolta nella creazione, produzione, manutenzione o implementazione di questo sito Web, non saranno responsabili nei confronti di alcun utente del sito web, per qualsiasi possibile danno, perdita o pregiudizio (inclusa qualsiasi perdita di profitto e danni morali, indiretti, accidentali o consequenziali) derivanti dall&#8217;uso corretto o non corretto di questo sito web e dei suoi contenuti, dall&#8217;accesso al computer o al computer dell&#8217;utente sistema da terze parti, virus, ecc.<\/p>\n<p>Questo Sito contiene collegamenti a siti web di terzi. Questi collegamenti sono forniti esclusivamente per comodit\u00e0 e accessibilit\u00e0 dell&#8217;utente. Non approviamo il contenuto di tali siti Web di terzi e non siamo responsabili per il contenuto di tali siti Web. L&#8217;accesso e la visita a uno qualsiasi di questi siti Web di terzi \u00e8 a rischio esclusivo dell&#8217;utente.<\/p>\n<p>&nbsp;<\/p>\n<p><strong>8. Giurisdizione e legislazione applicabile<\/strong><\/p>\n<p>Fl\u00e1via Maria Vieira Correia Travassos (La Casa Furnas Azzorre) e l&#8217;utente di questo sito web accettano, senza riserve, che qualsiasi disputa o controversia derivante dall&#8217;uso di questo sito web sar\u00e0 regolata dalla legge portoghese.<\/p>\n<p>Ultimo aggiornamento il: 23\/02\/2022<\/p>\n","protected":false},"excerpt":{"rendered":"<p>TERMINI E CONDIZIONI 1. Condizioni Generali 1.1. La societ\u00e0 Fl\u00e1via Maria Vieira Correia Travassos (La Casa Furnas Azzorre), con sede in Rua do Rato 46, Matriz, 9600-508 Ribeira Grande, persona fisica n. 259774731, \u00e8 responsabile del sito web www.furnasazoreshouse.com (di [&hellip;]<\/p>\n","protected":false},"author":1,"featured_media":0,"parent":0,"menu_order":0,"comment_status":"closed","ping_status":"closed","template":"","meta":[],"yoast_head":"<!-- This site is optimized with the Yoast SEO plugin v19.5.1 - https:\/\/yoast.com\/wordpress\/plugins\/seo\/ -->\n<title>Termini e Condizioni - Furnas Azores House<\/title>\n<meta name=\"description\" content=\"Si prega di prestare attenzione ai nostri termini e condizioni. Leggi le nostre condizioni generali prima di utilizzare il sito web.\" \/>\n<meta name=\"robots\" content=\"index, follow, max-snippet:-1, max-image-preview:large, max-video-preview:-1\" \/>\n<link rel=\"canonical\" href=\"https:\/\/furnasazoreshouse.com\/it\/termini-e-condizioni\/\" \/>\n<meta property=\"og:locale\" content=\"it_IT\" \/>\n<meta property=\"og:type\" content=\"article\" \/>\n<meta property=\"og:title\" content=\"Termini e Condizioni - Furnas Azores House\" \/>\n<meta property=\"og:description\" content=\"Si prega di prestare attenzione ai nostri termini e condizioni. Leggi le nostre condizioni generali prima di utilizzare il sito web.\" \/>\n<meta property=\"og:url\" content=\"https:\/\/furnasazoreshouse.com\/it\/termini-e-condizioni\/\" \/>\n<meta property=\"og:site_name\" content=\"Furnas Azores House\" \/>\n<meta property=\"article:modified_time\" content=\"2024-03-05T18:24:00+00:00\" \/>\n<meta name=\"twitter:card\" content=\"summary_large_image\" \/>\n<meta name=\"twitter:label1\" content=\"Est. reading time\" \/>\n\t<meta name=\"twitter:data1\" content=\"9 minuti\" \/>\n<script type=\"application\/ld+json\" class=\"yoast-schema-graph\">{\"@context\":\"https:\/\/schema.org\",\"@graph\":[{\"@type\":\"WebPage\",\"@id\":\"https:\/\/furnasazoreshouse.com\/it\/termini-e-condizioni\/\",\"url\":\"https:\/\/furnasazoreshouse.com\/it\/termini-e-condizioni\/\",\"name\":\"Termini e Condizioni - Furnas Azores House\",\"isPartOf\":{\"@id\":\"https:\/\/furnasazoreshouse.com\/#website\"},\"datePublished\":\"2022-05-31T00:37:06+00:00\",\"dateModified\":\"2024-03-05T18:24:00+00:00\",\"description\":\"Si prega di prestare attenzione ai nostri termini e condizioni. Leggi le nostre condizioni generali prima di utilizzare il sito web.\",\"breadcrumb\":{\"@id\":\"https:\/\/furnasazoreshouse.com\/it\/termini-e-condizioni\/#breadcrumb\"},\"inLanguage\":\"it-IT\",\"potentialAction\":[{\"@type\":\"ReadAction\",\"target\":[\"https:\/\/furnasazoreshouse.com\/it\/termini-e-condizioni\/\"]}]},{\"@type\":\"BreadcrumbList\",\"@id\":\"https:\/\/furnasazoreshouse.com\/it\/termini-e-condizioni\/#breadcrumb\",\"itemListElement\":[{\"@type\":\"ListItem\",\"position\":1,\"name\":\"In\u00edcio\",\"item\":\"https:\/\/furnasazoreshouse.com\/it\/\"},{\"@type\":\"ListItem\",\"position\":2,\"name\":\"Termini e Condizioni\"}]},{\"@type\":\"WebSite\",\"@id\":\"https:\/\/furnasazoreshouse.com\/#website\",\"url\":\"https:\/\/furnasazoreshouse.com\/\",\"name\":\"Furnas Azores House\",\"description\":\"A\u00e7ores\",\"potentialAction\":[{\"@type\":\"SearchAction\",\"target\":{\"@type\":\"EntryPoint\",\"urlTemplate\":\"https:\/\/furnasazoreshouse.com\/?s={search_term_string}\"},\"query-input\":\"required name=search_term_string\"}],\"inLanguage\":\"it-IT\"}]}<\/script>\n<!-- \/ Yoast SEO plugin. -->","yoast_head_json":{"title":"Termini e Condizioni - Furnas Azores House","description":"Si prega di prestare attenzione ai nostri termini e condizioni. Leggi le nostre condizioni generali prima di utilizzare il sito web.","robots":{"index":"index","follow":"follow","max-snippet":"max-snippet:-1","max-image-preview":"max-image-preview:large","max-video-preview":"max-video-preview:-1"},"canonical":"https:\/\/furnasazoreshouse.com\/it\/termini-e-condizioni\/","og_locale":"it_IT","og_type":"article","og_title":"Termini e Condizioni - Furnas Azores House","og_description":"Si prega di prestare attenzione ai nostri termini e condizioni. Leggi le nostre condizioni generali prima di utilizzare il sito web.","og_url":"https:\/\/furnasazoreshouse.com\/it\/termini-e-condizioni\/","og_site_name":"Furnas Azores House","article_modified_time":"2024-03-05T18:24:00+00:00","twitter_card":"summary_large_image","twitter_misc":{"Est. reading time":"9 minuti"},"schema":{"@context":"https:\/\/schema.org","@graph":[{"@type":"WebPage","@id":"https:\/\/furnasazoreshouse.com\/it\/termini-e-condizioni\/","url":"https:\/\/furnasazoreshouse.com\/it\/termini-e-condizioni\/","name":"Termini e Condizioni - Furnas Azores House","isPartOf":{"@id":"https:\/\/furnasazoreshouse.com\/#website"},"datePublished":"2022-05-31T00:37:06+00:00","dateModified":"2024-03-05T18:24:00+00:00","description":"Si prega di prestare attenzione ai nostri termini e condizioni. Leggi le nostre condizioni generali prima di utilizzare il sito web.","breadcrumb":{"@id":"https:\/\/furnasazoreshouse.com\/it\/termini-e-condizioni\/#breadcrumb"},"inLanguage":"it-IT","potentialAction":[{"@type":"ReadAction","target":["https:\/\/furnasazoreshouse.com\/it\/termini-e-condizioni\/"]}]},{"@type":"BreadcrumbList","@id":"https:\/\/furnasazoreshouse.com\/it\/termini-e-condizioni\/#breadcrumb","itemListElement":[{"@type":"ListItem","position":1,"name":"In\u00edcio","item":"https:\/\/furnasazoreshouse.com\/it\/"},{"@type":"ListItem","position":2,"name":"Termini e Condizioni"}]},{"@type":"WebSite","@id":"https:\/\/furnasazoreshouse.com\/#website","url":"https:\/\/furnasazoreshouse.com\/","name":"Furnas Azores House","description":"A\u00e7ores","potentialAction":[{"@type":"SearchAction","target":{"@type":"EntryPoint","urlTemplate":"https:\/\/furnasazoreshouse.com\/?s={search_term_string}"},"query-input":"required name=search_term_string"}],"inLanguage":"it-IT"}]}},"_links":{"self":[{"href":"https:\/\/furnasazoreshouse.com\/it\/wp-json\/wp\/v2\/pages\/7671"}],"collection":[{"href":"https:\/\/furnasazoreshouse.com\/it\/wp-json\/wp\/v2\/pages"}],"about":[{"href":"https:\/\/furnasazoreshouse.com\/it\/wp-json\/wp\/v2\/types\/page"}],"author":[{"embeddable":true,"href":"https:\/\/furnasazoreshouse.com\/it\/wp-json\/wp\/v2\/users\/1"}],"replies":[{"embeddable":true,"href":"https:\/\/furnasazoreshouse.com\/it\/wp-json\/wp\/v2\/comments?post=7671"}],"version-history":[{"count":3,"href":"https:\/\/furnasazoreshouse.com\/it\/wp-json\/wp\/v2\/pages\/7671\/revisions"}],"predecessor-version":[{"id":7757,"href":"https:\/\/furnasazoreshouse.com\/it\/wp-json\/wp\/v2\/pages\/7671\/revisions\/7757"}],"wp:attachment":[{"href":"https:\/\/furnasazoreshouse.com\/it\/wp-json\/wp\/v2\/media?parent=7671"}],"curies":[{"name":"wp","href":"https:\/\/api.w.org\/{rel}","templated":true}]}}